{"id":366,"date":"2021-05-18T08:13:45","date_gmt":"2021-05-18T08:13:45","guid":{"rendered":"https:\/\/www.newscholacantorum.ulpgc.es\/wordpress\/index.php\/about\/"},"modified":"2026-04-18T17:01:48","modified_gmt":"2026-04-18T17:01:48","slug":"el-coro","status":"publish","type":"page","link":"https:\/\/www.schola.ulpgc.es\/index.php\/el-coro\/","title":{"rendered":"El coro"},"content":{"rendered":"\n<div class=\"wp-block-columns is-layout-flex wp-container-core-columns-is-layout-28f84493 wp-block-columns-is-layout-flex\"><\/div>\n\n\n\n<div style=\"height:100px\" aria-hidden=\"true\" class=\"wp-block-spacer\"><\/div>\n\n\n\n<div class=\"wp-block-cover alignfull has-custom-content-position is-position-bottom-right\" style=\"min-height:530px;aspect-ratio:unset;\"><span aria-hidden=\"true\" class=\"wp-block-cover__background has-black-background-color has-background-dim-40 has-background-dim\"><\/span><img loading=\"lazy\" decoding=\"async\" width=\"1162\" height=\"778\" class=\"wp-block-cover__image-background wp-image-48\" alt=\"\" src=\"\/wp-content\/uploads\/2021\/07\/DSC_0062_01.jpg\" data-object-fit=\"cover\" srcset=\"https:\/\/www.schola.ulpgc.es\/wp-content\/uploads\/2021\/07\/DSC_0062_01.jpg 1162w, https:\/\/www.schola.ulpgc.es\/wp-content\/uploads\/2021\/07\/DSC_0062_01-300x201.jpg 300w, https:\/\/www.schola.ulpgc.es\/wp-content\/uploads\/2021\/07\/DSC_0062_01-1024x686.jpg 1024w, https:\/\/www.schola.ulpgc.es\/wp-content\/uploads\/2021\/07\/DSC_0062_01-768x514.jpg 768w\" sizes=\"auto, (max-width: 1162px) 100vw, 1162px\" \/><div class=\"wp-block-cover__inner-container is-layout-flow wp-block-cover-is-layout-flow\">\n<p class=\"has-text-align-center has-large-font-size\"><\/p>\n<\/div><\/div>\n\n\n\n<div style=\"height:66px\" aria-hidden=\"true\" class=\"wp-block-spacer\"><\/div>\n\n\n\n<h2 class=\"wp-block-heading has-text-align-center\"> 40 a\u00f1os de Historia <\/h2>\n\n\n\n<div class=\"wp-block-columns is-layout-flex wp-container-core-columns-is-layout-28f84493 wp-block-columns-is-layout-flex\">\n<div class=\"wp-block-column is-layout-flow wp-block-column-is-layout-flow\">\n<figure class=\"wp-block-image aligncenter size-full is-resized\"><img loading=\"lazy\" decoding=\"async\" width=\"227\" height=\"300\" src=\"\/wp-content\/uploads\/2021\/07\/Falcon-Sanabria.jpg\" alt=\"Profesor Juan Jos\u00e9 Falcon Sanabria\" class=\"wp-image-586\" style=\"width:417px;height:551px\"\/><\/figure>\n<\/div>\n\n\n\n<div class=\"wp-block-column is-vertically-aligned-center is-layout-flow wp-block-column-is-layout-flow\">\n<p>Corr\u00eda 1984 cuando anta\u00f1o la <a href=\"es.wikipedia.org\/wiki\/Universidad_Polit%C3%A9cnica_de_Canarias\">Universidad Polit\u00e9cnica de Canarias<\/a>, hoy en d\u00eda, Universidad de Las Palmas de Gran Canaria, dio a luz a la coral <strong>Schola Cantorum<\/strong>, de la mano del Doctor Honoris Causa y multipremiado compositor musical <a href=\"es.wikipedia.org\/wiki\/Juan_Jos%C3%A9_Falc%C3%B3n_Sanabria\">Juan Jos\u00e9 Falc\u00f3n Sanabria<\/a> (Las Palmas de Gran Canaria, 1936-2015), amante de las grandes formas como el lenguaje coral.&nbsp;<\/p>\n\n\n\n<p class=\"has-text-color\" style=\"color:#444546\">Ver nacer y perfeccionar cantores desde la Universidad, divulgar la m\u00fasica coral y formar directores, fundamentan nuestro nacimiento y, hasta hoy, estos objetivos contin\u00faan gui\u00e1ndonos en el camino. Hemos viajado a trav\u00e9s de repertorios variopintos gracias a la&nbsp; entrega de los directores Emilio Tabraue, quien ejerci\u00f3 el cargo de 1990 a 1999 y Stefano Degano, actual director que se ha desempe\u00f1ado desde el a\u00f1o 2000.<\/p>\n<\/div>\n<\/div>\n\n\n\n<div class=\"wp-block-columns is-layout-flex wp-container-core-columns-is-layout-28f84493 wp-block-columns-is-layout-flex\">\n<div class=\"wp-block-column is-layout-flow wp-block-column-is-layout-flow\">\n<p class=\"has-text-color\" style=\"color:#444546\">Dos grabaciones profesionales, una llevada a cabo por Radio Nacional de Espa\u00f1a y otra donde se recogen obras escritas para la catedral de Las Palmas por el maestro Mateo Guerra, son solo algunos de nuestros logros.<\/p>\n\n\n\n<p>Estos 37 a\u00f1os de conciertos y aprendizajes dan cuenta de nuestro continuo crecimiento con el acompa\u00f1amiento de destacadas figuras del canto y la m\u00fasica.  La Schola Cantorum ha servido de escuela y motivaci\u00f3n para cantantes y directores de coros que tienen en la actualidad un amplio reconocimiento internacional, ejemplos de esto son las <a href=\"http:\/\/www.cndm.mcu.es\/sites\/default\/files\/2019-07\/CNDM_Estefan%C3%ADa%20Perdomo%20.pdf\">sopranos  Estefan\u00eda Perdomo<\/a>, <a href=\"es-es.facebook.com\/berenicemusa\">Berenice Musa <\/a>y Marina Aleman. La mezzo <a href=\"proyectocosi.wordpress.com\/equipo-tecnico\/solistas\/raia-lubomirova-natcheva-mezzosoprano-dorabella\/\">Raia Lubomirova<\/a>, el <a href=\"http:\/\/xn--gustavopea-19a.com\/\">tenor Gustavo Pe\u00f1a<\/a>, el <a href=\"lyricart.es\/jose-antonio-garcia-bajo\/\">bar\u00edtono Jose Antonio Garc\u00eda<\/a> o <a href=\"http:\/\/www.coroainur.com\/conocer-ainur\/mariola-rodriguez-directora\/\" target=\"_blank\" rel=\"noreferrer noopener\">Mariola Rodr\u00edguez <\/a>como directora del <a href=\"www.coroainur.com\/\">Coro de C\u00e1mara Ainur<\/a>, ademas de innumerables coralistas que siguen nutriendo de cantantes la vida coral de Canarias y dejando su huella en las distintas etapas de la agrupaci\u00f3n; una huella marcada por la dignidad y la profesionalidad.<\/p>\n\n\n\n<p class=\"has-text-color has-medium-font-size\" style=\"color:#444546\"><\/p>\n<\/div>\n\n\n\n<div class=\"wp-block-column is-layout-flow wp-block-column-is-layout-flow\">\n<figure class=\"wp-block-image aligncenter size-full is-resized\"><img loading=\"lazy\" decoding=\"async\" width=\"600\" height=\"771\" src=\"\/wp-content\/uploads\/2021\/07\/0002h.jpg\" alt=\"\" class=\"wp-image-709\" style=\"width:398px;height:511px\" srcset=\"https:\/\/www.schola.ulpgc.es\/wp-content\/uploads\/2021\/07\/0002h.jpg 600w, https:\/\/www.schola.ulpgc.es\/wp-content\/uploads\/2021\/07\/0002h-233x300.jpg 233w\" sizes=\"auto, (max-width: 600px) 100vw, 600px\" \/><\/figure>\n<\/div>\n<\/div>\n\n\n\n<div class=\"wp-block-columns is-layout-flex wp-container-core-columns-is-layout-28f84493 wp-block-columns-is-layout-flex\">\n<div class=\"wp-block-column is-layout-flow wp-block-column-is-layout-flow\">\n<figure class=\"wp-block-image alignfull size-full\"><img loading=\"lazy\" decoding=\"async\" width=\"600\" height=\"450\" src=\"\/wp-content\/uploads\/2021\/07\/003h.jpg\" alt=\"\" class=\"wp-image-710\" srcset=\"https:\/\/www.schola.ulpgc.es\/wp-content\/uploads\/2021\/07\/003h.jpg 600w, https:\/\/www.schola.ulpgc.es\/wp-content\/uploads\/2021\/07\/003h-300x225.jpg 300w\" sizes=\"auto, (max-width: 600px) 100vw, 600px\" \/><\/figure>\n\n\n\n<p><\/p>\n<\/div>\n\n\n\n<div class=\"wp-block-column is-layout-flow wp-block-column-is-layout-flow\">\n<p><\/p>\n\n\n\n<p><\/p>\n\n\n\n<p>La formaci\u00f3n constante del coro nos ha permitido alcanzar un reconocido nivel, evidenciado en numerosos encuentros corales por todo el archipi\u00e9lago y con la participaci\u00f3n en el Festival Internacional de Coros Universitarios de Valencia y el Festival Internacional de Coros de Coimbra. Hemos realizado giras por Cuba y Suecia, recitales en Italia y recorrido diferentes lugares de la geograf\u00eda espa\u00f1ola.<\/p>\n\n\n\n<p>Por la naturaleza universitaria de la coral hemos colaborado en distintos proyectos como zarzuelas, la \u00f3pera \u2018Nabucco\u2019 (Verdi) con Amigos Canarios de la \u00d3pera (ACO); la interpretaci\u00f3n de la &#8216;Misa Criolla\u2019, de Ariel Ram\u00edrez, junto a Los Calchakis; el estreno de la cantata \u2018Laudate Vitam\u2019 de nuestro fundador Juan Jos\u00e9 Falc\u00f3n Sanabria e innumerables actuaciones en actos de distinto car\u00e1cter.<\/p>\n<\/div>\n<\/div>\n\n\n\n<div class=\"wp-block-columns is-layout-flex wp-container-core-columns-is-layout-28f84493 wp-block-columns-is-layout-flex\">\n<div class=\"wp-block-column is-layout-flow wp-block-column-is-layout-flow\">\n<p><\/p>\n\n\n\n<p><\/p>\n\n\n\n<p>Se suman a nuestro curr\u00edculum, los conciertos monogr\u00e1ficos sobre el Cancionero Sefard\u00ed (A. Hemsi), la m\u00fasica lit\u00fargica rusa y sobre los Maestros de Capilla de la Catedral de Las Palmas; as\u00ed como conciertos participativos de la obra social La Caixa (El Mes\u00edas de Haendel). Tambi\u00e9n hemos formado parte de la banda sonora del cortometraje \u201cContrato\u201d, \u00f3pera prima de los j\u00f3venes directores David D\u00edaz y Benteju\u00ed Medina (2011). En la m\u00fasica sinf\u00f3nico-coral hemos cantado con la Filarm\u00f3nica de Gran Canaria y la Orquesta de Santa Sof\u00eda de Estocolmo, interpretando obras de autores como W.A. Mozart, Saint S\u00e4ens, Szimanowsky, G. Mahler, entre muchos otros.<\/p>\n<\/div>\n\n\n\n<div class=\"wp-block-column is-layout-flow wp-block-column-is-layout-flow\">\n<figure class=\"wp-block-image size-large\"><img loading=\"lazy\" decoding=\"async\" width=\"1024\" height=\"768\" src=\"\/wp-content\/uploads\/2021\/08\/lapalmita-1024x768.jpg\" alt=\"Foto del coro Schola Cantorum\" class=\"wp-image-954\"\/><\/figure>\n<\/div>\n<\/div>\n","protected":false},"excerpt":{"rendered":"<p>40 a\u00f1os de Historia Corr\u00eda 1984 cuando anta\u00f1o la Universidad Polit\u00e9cnica de Canarias, hoy en d\u00eda, Universidad de Las Palmas de Gran Canaria, dio a luz a la coral Schola Cantorum, de la mano del Doctor Honoris Causa y multipremiado compositor musical Juan Jos\u00e9 Falc\u00f3n Sanabria (Las Palmas de Gran Canaria, 1936-2015), amante de las [&hellip;]<\/p>\n","protected":false},"author":1,"featured_media":0,"parent":0,"menu_order":0,"comment_status":"closed","ping_status":"closed","template":"","meta":{"_uag_custom_page_level_css":"","site-sidebar-layout":"no-sidebar","site-content-layout":"plain-container","ast-site-content-layout":"normal-width-container","site-content-style":"unboxed","site-sidebar-style":"unboxed","ast-global-header-display":"","ast-banner-title-visibility":"","ast-main-header-display":"","ast-hfb-above-header-display":"","ast-hfb-below-header-display":"","ast-hfb-mobile-header-display":"","site-post-title":"disabled","ast-breadcrumbs-content":"","ast-featured-img":"disabled","footer-sml-layout":"","ast-disable-related-posts":"","theme-transparent-header-meta":"enabled","adv-header-id-meta":"","stick-header-meta":"","header-above-stick-meta":"","header-main-stick-meta":"","header-below-stick-meta":"","astra-migrate-meta-layouts":"set","ast-page-background-enabled":"default","ast-page-background-meta":{"desktop":{"background-color":"","background-image":"","background-repeat":"repeat","background-position":"center center","background-size":"auto","background-attachment":"scroll","background-type":"","background-media":"","overlay-type":"","overlay-color":"","overlay-opacity":"","overlay-gradient":""},"tablet":{"background-color":"","background-image":"","background-repeat":"repeat","background-position":"center center","background-size":"auto","background-attachment":"scroll","background-type":"","background-media":"","overlay-type":"","overlay-color":"","overlay-opacity":"","overlay-gradient":""},"mobile":{"background-color":"","background-image":"","background-repeat":"repeat","background-position":"center center","background-size":"auto","background-attachment":"scroll","background-type":"","background-media":"","overlay-type":"","overlay-color":"","overlay-opacity":"","overlay-gradient":""}},"ast-content-background-meta":{"desktop":{"background-color":"var(--ast-global-color-5)","background-image":"","background-repeat":"repeat","background-position":"center center","background-size":"auto","background-attachment":"scroll","background-type":"","background-media":"","overlay-type":"","overlay-color":"","overlay-opacity":"","overlay-gradient":""},"tablet":{"background-color":"var(--ast-global-color-5)","background-image":"","background-repeat":"repeat","background-position":"center center","background-size":"auto","background-attachment":"scroll","background-type":"","background-media":"","overlay-type":"","overlay-color":"","overlay-opacity":"","overlay-gradient":""},"mobile":{"background-color":"var(--ast-global-color-5)","background-image":"","background-repeat":"repeat","background-position":"center center","background-size":"auto","background-attachment":"scroll","background-type":"","background-media":"","overlay-type":"","overlay-color":"","overlay-opacity":"","overlay-gradient":""}},"_mc_calendar":[],"footnotes":""},"class_list":["post-366","page","type-page","status-publish","hentry"],"yoast_head":"<!-- This site is optimized with the Yoast SEO plugin v27.6 - https:\/\/yoast.com\/product\/yoast-seo-wordpress\/ -->\n<title>El coro - Schola Cantorum ULPGC<\/title>\n<meta name=\"robots\" content=\"index, follow, max-snippet:-1, max-image-preview:large, max-video-preview:-1\" \/>\n<link rel=\"canonical\" href=\"https:\/\/www.schola.ulpgc.es\/index.php\/el-coro\/\" \/>\n<meta property=\"og:locale\" content=\"es_ES\" \/>\n<meta property=\"og:type\" content=\"article\" \/>\n<meta property=\"og:title\" content=\"El coro - Schola Cantorum ULPGC\" \/>\n<meta property=\"og:description\" content=\"40 a\u00f1os de Historia Corr\u00eda 1984 cuando anta\u00f1o la Universidad Polit\u00e9cnica de Canarias, hoy en d\u00eda, Universidad de Las Palmas de Gran Canaria, dio a luz a la coral Schola Cantorum, de la mano del Doctor Honoris Causa y multipremiado compositor musical Juan Jos\u00e9 Falc\u00f3n Sanabria (Las Palmas de Gran Canaria, 1936-2015), amante de las [&hellip;]\" \/>\n<meta property=\"og:url\" content=\"https:\/\/www.schola.ulpgc.es\/index.php\/el-coro\/\" \/>\n<meta property=\"og:site_name\" content=\"Schola Cantorum ULPGC\" \/>\n<meta property=\"article:modified_time\" content=\"2026-04-18T17:01:48+00:00\" \/>\n<meta name=\"twitter:card\" content=\"summary_large_image\" \/>\n<meta name=\"twitter:label1\" content=\"Tiempo de lectura\" \/>\n\t<meta name=\"twitter:data1\" content=\"4 minutos\" \/>\n<script type=\"application\/ld+json\" class=\"yoast-schema-graph\">{\"@context\":\"https:\\\/\\\/schema.org\",\"@graph\":[{\"@type\":\"WebPage\",\"@id\":\"https:\\\/\\\/www.schola.ulpgc.es\\\/index.php\\\/el-coro\\\/\",\"url\":\"https:\\\/\\\/www.schola.ulpgc.es\\\/index.php\\\/el-coro\\\/\",\"name\":\"El coro - Schola Cantorum ULPGC\",\"isPartOf\":{\"@id\":\"https:\\\/\\\/www.schola.ulpgc.es\\\/#website\"},\"datePublished\":\"2021-05-18T08:13:45+00:00\",\"dateModified\":\"2026-04-18T17:01:48+00:00\",\"breadcrumb\":{\"@id\":\"https:\\\/\\\/www.schola.ulpgc.es\\\/index.php\\\/el-coro\\\/#breadcrumb\"},\"inLanguage\":\"es\",\"potentialAction\":[{\"@type\":\"ReadAction\",\"target\":[\"https:\\\/\\\/www.schola.ulpgc.es\\\/index.php\\\/el-coro\\\/\"]}]},{\"@type\":\"BreadcrumbList\",\"@id\":\"https:\\\/\\\/www.schola.ulpgc.es\\\/index.php\\\/el-coro\\\/#breadcrumb\",\"itemListElement\":[{\"@type\":\"ListItem\",\"position\":1,\"name\":\"Portada\",\"item\":\"https:\\\/\\\/www.schola.ulpgc.es\\\/\"},{\"@type\":\"ListItem\",\"position\":2,\"name\":\"El coro\"}]},{\"@type\":\"WebSite\",\"@id\":\"https:\\\/\\\/www.schola.ulpgc.es\\\/#website\",\"url\":\"https:\\\/\\\/www.schola.ulpgc.es\\\/\",\"name\":\"Schola Cantorum\",\"description\":\"Aqu\u00ed encontrar\u00e1s toda la informaci\u00f3n del coro Schola Cantorum de la Universidad de las Palmas de Gran Canaria\",\"publisher\":{\"@id\":\"https:\\\/\\\/www.schola.ulpgc.es\\\/#organization\"},\"potentialAction\":[{\"@type\":\"SearchAction\",\"target\":{\"@type\":\"EntryPoint\",\"urlTemplate\":\"https:\\\/\\\/www.schola.ulpgc.es\\\/?s={search_term_string}\"},\"query-input\":{\"@type\":\"PropertyValueSpecification\",\"valueRequired\":true,\"valueName\":\"search_term_string\"}}],\"inLanguage\":\"es\"},{\"@type\":\"Organization\",\"@id\":\"https:\\\/\\\/www.schola.ulpgc.es\\\/#organization\",\"name\":\"Schola Cantorum de la ULPGC\",\"url\":\"https:\\\/\\\/www.schola.ulpgc.es\\\/\",\"logo\":{\"@type\":\"ImageObject\",\"inLanguage\":\"es\",\"@id\":\"https:\\\/\\\/www.schola.ulpgc.es\\\/#\\\/schema\\\/logo\\\/image\\\/\",\"url\":\"https:\\\/\\\/www.schola.ulpgc.es\\\/wp-content\\\/uploads\\\/2021\\\/08\\\/logosimbolo3-e1630400953957.png\",\"contentUrl\":\"https:\\\/\\\/www.schola.ulpgc.es\\\/wp-content\\\/uploads\\\/2021\\\/08\\\/logosimbolo3-e1630400953957.png\",\"width\":300,\"height\":110,\"caption\":\"Schola Cantorum de la ULPGC\"},\"image\":{\"@id\":\"https:\\\/\\\/www.schola.ulpgc.es\\\/#\\\/schema\\\/logo\\\/image\\\/\"}}]}<\/script>\n<!-- \/ Yoast SEO plugin. -->","yoast_head_json":{"title":"El coro - Schola Cantorum ULPGC","robots":{"index":"index","follow":"follow","max-snippet":"max-snippet:-1","max-image-preview":"max-image-preview:large","max-video-preview":"max-video-preview:-1"},"canonical":"https:\/\/www.schola.ulpgc.es\/index.php\/el-coro\/","og_locale":"es_ES","og_type":"article","og_title":"El coro - Schola Cantorum ULPGC","og_description":"40 a\u00f1os de Historia Corr\u00eda 1984 cuando anta\u00f1o la Universidad Polit\u00e9cnica de Canarias, hoy en d\u00eda, Universidad de Las Palmas de Gran Canaria, dio a luz a la coral Schola Cantorum, de la mano del Doctor Honoris Causa y multipremiado compositor musical Juan Jos\u00e9 Falc\u00f3n Sanabria (Las Palmas de Gran Canaria, 1936-2015), amante de las [&hellip;]","og_url":"https:\/\/www.schola.ulpgc.es\/index.php\/el-coro\/","og_site_name":"Schola Cantorum ULPGC","article_modified_time":"2026-04-18T17:01:48+00:00","twitter_card":"summary_large_image","twitter_misc":{"Tiempo de lectura":"4 minutos"},"schema":{"@context":"https:\/\/schema.org","@graph":[{"@type":"WebPage","@id":"https:\/\/www.schola.ulpgc.es\/index.php\/el-coro\/","url":"https:\/\/www.schola.ulpgc.es\/index.php\/el-coro\/","name":"El coro - Schola Cantorum ULPGC","isPartOf":{"@id":"https:\/\/www.schola.ulpgc.es\/#website"},"datePublished":"2021-05-18T08:13:45+00:00","dateModified":"2026-04-18T17:01:48+00:00","breadcrumb":{"@id":"https:\/\/www.schola.ulpgc.es\/index.php\/el-coro\/#breadcrumb"},"inLanguage":"es","potentialAction":[{"@type":"ReadAction","target":["https:\/\/www.schola.ulpgc.es\/index.php\/el-coro\/"]}]},{"@type":"BreadcrumbList","@id":"https:\/\/www.schola.ulpgc.es\/index.php\/el-coro\/#breadcrumb","itemListElement":[{"@type":"ListItem","position":1,"name":"Portada","item":"https:\/\/www.schola.ulpgc.es\/"},{"@type":"ListItem","position":2,"name":"El coro"}]},{"@type":"WebSite","@id":"https:\/\/www.schola.ulpgc.es\/#website","url":"https:\/\/www.schola.ulpgc.es\/","name":"Schola Cantorum","description":"Aqu\u00ed encontrar\u00e1s toda la informaci\u00f3n del coro Schola Cantorum de la Universidad de las Palmas de Gran Canaria","publisher":{"@id":"https:\/\/www.schola.ulpgc.es\/#organization"},"potentialAction":[{"@type":"SearchAction","target":{"@type":"EntryPoint","urlTemplate":"https:\/\/www.schola.ulpgc.es\/?s={search_term_string}"},"query-input":{"@type":"PropertyValueSpecification","valueRequired":true,"valueName":"search_term_string"}}],"inLanguage":"es"},{"@type":"Organization","@id":"https:\/\/www.schola.ulpgc.es\/#organization","name":"Schola Cantorum de la ULPGC","url":"https:\/\/www.schola.ulpgc.es\/","logo":{"@type":"ImageObject","inLanguage":"es","@id":"https:\/\/www.schola.ulpgc.es\/#\/schema\/logo\/image\/","url":"https:\/\/www.schola.ulpgc.es\/wp-content\/uploads\/2021\/08\/logosimbolo3-e1630400953957.png","contentUrl":"https:\/\/www.schola.ulpgc.es\/wp-content\/uploads\/2021\/08\/logosimbolo3-e1630400953957.png","width":300,"height":110,"caption":"Schola Cantorum de la ULPGC"},"image":{"@id":"https:\/\/www.schola.ulpgc.es\/#\/schema\/logo\/image\/"}}]}},"uagb_featured_image_src":{"full":false,"thumbnail":false,"medium":false,"medium_large":false,"large":false,"1536x1536":false,"2048x2048":false},"uagb_author_info":{"display_name":"admin","author_link":"https:\/\/www.schola.ulpgc.es\/index.php\/author\/si_web_oj2re4t2\/"},"uagb_comment_info":0,"uagb_excerpt":"40 a\u00f1os de Historia Corr\u00eda 1984 cuando anta\u00f1o la Universidad Polit\u00e9cnica de Canarias, hoy en d\u00eda, Universidad de Las Palmas de Gran Canaria, dio a luz a la coral Schola Cantorum, de la mano del Doctor Honoris Causa y multipremiado compositor musical Juan Jos\u00e9 Falc\u00f3n Sanabria (Las Palmas de Gran Canaria, 1936-2015), amante de las&hellip;","_links":{"self":[{"href":"https:\/\/www.schola.ulpgc.es\/index.php\/wp-json\/wp\/v2\/pages\/366","targetHints":{"allow":["GET"]}}],"collection":[{"href":"https:\/\/www.schola.ulpgc.es\/index.php\/wp-json\/wp\/v2\/pages"}],"about":[{"href":"https:\/\/www.schola.ulpgc.es\/index.php\/wp-json\/wp\/v2\/types\/page"}],"author":[{"embeddable":true,"href":"https:\/\/www.schola.ulpgc.es\/index.php\/wp-json\/wp\/v2\/users\/1"}],"replies":[{"embeddable":true,"href":"https:\/\/www.schola.ulpgc.es\/index.php\/wp-json\/wp\/v2\/comments?post=366"}],"version-history":[{"count":27,"href":"https:\/\/www.schola.ulpgc.es\/index.php\/wp-json\/wp\/v2\/pages\/366\/revisions"}],"predecessor-version":[{"id":1921,"href":"https:\/\/www.schola.ulpgc.es\/index.php\/wp-json\/wp\/v2\/pages\/366\/revisions\/1921"}],"wp:attachment":[{"href":"https:\/\/www.schola.ulpgc.es\/index.php\/wp-json\/wp\/v2\/media?parent=366"}],"curies":[{"name":"wp","href":"https:\/\/api.w.org\/{rel}","templated":true}]}}