{"id":1589,"date":"2023-08-02T18:42:59","date_gmt":"2023-08-02T18:42:59","guid":{"rendered":"https:\/\/www.schola.ulpgc.es\/?page_id=1589"},"modified":"2023-08-03T11:20:00","modified_gmt":"2023-08-03T11:20:00","slug":"funeral-santa-isabel-de-hungria","status":"publish","type":"page","link":"https:\/\/www.schola.ulpgc.es\/index.php\/funeral-santa-isabel-de-hungria\/","title":{"rendered":"FUNERAL SANTA ISABEL DE HUNGR\u00cdA"},"content":{"rendered":"\n<h2 class=\"wp-block-heading has-text-align-center\"><strong>FUNERAL SANTA ISABEL DE HUNGR\u00cdA<\/strong><\/h2>\n\n\n\n<div class=\"wp-block-columns is-layout-flex wp-container-core-columns-is-layout-28f84493 wp-block-columns-is-layout-flex\">\n<div class=\"wp-block-column is-layout-flow wp-block-column-is-layout-flow\" style=\"flex-basis:25%\"><\/div>\n\n\n\n<div class=\"wp-block-column is-layout-flow wp-block-column-is-layout-flow\" style=\"flex-basis:50%\">\n<h3 class=\"wp-block-heading has-text-align-center\"><strong>PROGRAMA<\/strong><strong><\/strong><\/h3>\n\n\n\n<ul class=\"wp-block-list\">\n<li><strong>Entrada<\/strong>: Shalom (canon)<\/li>\n\n\n\n<li><strong>Antes del Evangelio:<\/strong>Alleluya.Canon (Willian Boyce)<\/li>\n\n\n\n<li><strong>Ofertorio<\/strong>: Ave Mar\u00eda (Arcadelt)<\/li>\n\n\n\n<li><strong>Comuni\u00f3n<\/strong>: Signore delle Cime (G. de Marzi)<\/li>\n\n\n\n<li><strong>Salida<\/strong>: Swing Low<\/li>\n<\/ul>\n<\/div>\n\n\n\n<div class=\"wp-block-column is-layout-flow wp-block-column-is-layout-flow\" style=\"flex-basis:25%\"><\/div>\n<\/div>\n\n\n\n<div style=\"height:100px\" aria-hidden=\"true\" class=\"wp-block-spacer\"><\/div>\n","protected":false},"excerpt":{"rendered":"<p>FUNERAL SANTA ISABEL DE HUNGR\u00cdA PROGRAMA<\/p>\n","protected":false},"author":1,"featured_media":0,"parent":0,"menu_order":0,"comment_status":"closed","ping_status":"closed","template":"","meta":{"_uag_custom_page_level_css":"","site-sidebar-layout":"default","site-content-layout":"","ast-site-content-layout":"default","site-content-style":"default","site-sidebar-style":"default","ast-global-header-display":"","ast-banner-title-visibility":"","ast-main-header-display":"","ast-hfb-above-header-display":"","ast-hfb-below-header-display":"","ast-hfb-mobile-header-display":"","site-post-title":"disabled","ast-breadcrumbs-content":"","ast-featured-img":"","footer-sml-layout":"","ast-disable-related-posts":"","theme-transparent-header-meta":"","adv-header-id-meta":"","stick-header-meta":"","header-above-stick-meta":"","header-main-stick-meta":"","header-below-stick-meta":"","astra-migrate-meta-layouts":"default","ast-page-background-enabled":"default","ast-page-background-meta":{"desktop":{"background-color":"","background-image":"","background-repeat":"repeat","background-position":"center center","background-size":"auto","background-attachment":"scroll","background-type":"","background-media":"","overlay-type":"","overlay-color":"","overlay-opacity":"","overlay-gradient":""},"tablet":{"background-color":"","background-image":"","background-repeat":"repeat","background-position":"center center","background-size":"auto","background-attachment":"scroll","background-type":"","background-media":"","overlay-type":"","overlay-color":"","overlay-opacity":"","overlay-gradient":""},"mobile":{"background-color":"","background-image":"","background-repeat":"repeat","background-position":"center center","background-size":"auto","background-attachment":"scroll","background-type":"","background-media":"","overlay-type":"","overlay-color":"","overlay-opacity":"","overlay-gradient":""}},"ast-content-background-meta":{"desktop":{"background-color":"var(--ast-global-color-5)","background-image":"","background-repeat":"repeat","background-position":"center center","background-size":"auto","background-attachment":"scroll","background-type":"","background-media":"","overlay-type":"","overlay-color":"","overlay-opacity":"","overlay-gradient":""},"tablet":{"background-color":"var(--ast-global-color-5)","background-image":"","background-repeat":"repeat","background-position":"center center","background-size":"auto","background-attachment":"scroll","background-type":"","background-media":"","overlay-type":"","overlay-color":"","overlay-opacity":"","overlay-gradient":""},"mobile":{"background-color":"var(--ast-global-color-5)","background-image":"","background-repeat":"repeat","background-position":"center center","background-size":"auto","background-attachment":"scroll","background-type":"","background-media":"","overlay-type":"","overlay-color":"","overlay-opacity":"","overlay-gradient":""}},"_mc_calendar":[],"footnotes":""},"class_list":["post-1589","page","type-page","status-publish","hentry"],"yoast_head":"<!-- This site is optimized with the Yoast SEO plugin v27.3 - https:\/\/yoast.com\/product\/yoast-seo-wordpress\/ -->\n<title>FUNERAL SANTA ISABEL DE HUNGR\u00cdA - Schola Cantorum ULPGC<\/title>\n<meta name=\"robots\" content=\"index, follow, max-snippet:-1, max-image-preview:large, max-video-preview:-1\" \/>\n<link rel=\"canonical\" href=\"https:\/\/www.schola.ulpgc.es\/index.php\/funeral-santa-isabel-de-hungria\/\" \/>\n<meta property=\"og:locale\" content=\"es_ES\" \/>\n<meta property=\"og:type\" content=\"article\" \/>\n<meta property=\"og:title\" content=\"FUNERAL SANTA ISABEL DE HUNGR\u00cdA - Schola Cantorum ULPGC\" \/>\n<meta property=\"og:description\" content=\"FUNERAL SANTA ISABEL DE HUNGR\u00cdA PROGRAMA\" \/>\n<meta property=\"og:url\" content=\"https:\/\/www.schola.ulpgc.es\/index.php\/funeral-santa-isabel-de-hungria\/\" \/>\n<meta property=\"og:site_name\" content=\"Schola Cantorum ULPGC\" \/>\n<meta property=\"article:modified_time\" content=\"2023-08-03T11:20:00+00:00\" \/>\n<meta name=\"twitter:card\" content=\"summary_large_image\" \/>\n<script type=\"application\/ld+json\" class=\"yoast-schema-graph\">{\"@context\":\"https:\\\/\\\/schema.org\",\"@graph\":[{\"@type\":\"WebPage\",\"@id\":\"https:\\\/\\\/www.schola.ulpgc.es\\\/index.php\\\/funeral-santa-isabel-de-hungria\\\/\",\"url\":\"https:\\\/\\\/www.schola.ulpgc.es\\\/index.php\\\/funeral-santa-isabel-de-hungria\\\/\",\"name\":\"FUNERAL SANTA ISABEL DE HUNGR\u00cdA - Schola Cantorum ULPGC\",\"isPartOf\":{\"@id\":\"https:\\\/\\\/www.schola.ulpgc.es\\\/#website\"},\"datePublished\":\"2023-08-02T18:42:59+00:00\",\"dateModified\":\"2023-08-03T11:20:00+00:00\",\"breadcrumb\":{\"@id\":\"https:\\\/\\\/www.schola.ulpgc.es\\\/index.php\\\/funeral-santa-isabel-de-hungria\\\/#breadcrumb\"},\"inLanguage\":\"es\",\"potentialAction\":[{\"@type\":\"ReadAction\",\"target\":[\"https:\\\/\\\/www.schola.ulpgc.es\\\/index.php\\\/funeral-santa-isabel-de-hungria\\\/\"]}]},{\"@type\":\"BreadcrumbList\",\"@id\":\"https:\\\/\\\/www.schola.ulpgc.es\\\/index.php\\\/funeral-santa-isabel-de-hungria\\\/#breadcrumb\",\"itemListElement\":[{\"@type\":\"ListItem\",\"position\":1,\"name\":\"Portada\",\"item\":\"https:\\\/\\\/www.schola.ulpgc.es\\\/\"},{\"@type\":\"ListItem\",\"position\":2,\"name\":\"FUNERAL SANTA ISABEL DE HUNGR\u00cdA\"}]},{\"@type\":\"WebSite\",\"@id\":\"https:\\\/\\\/www.schola.ulpgc.es\\\/#website\",\"url\":\"https:\\\/\\\/www.schola.ulpgc.es\\\/\",\"name\":\"Schola Cantorum\",\"description\":\"Aqu\u00ed encontrar\u00e1s toda la informaci\u00f3n del coro Schola Cantorum de la Universidad de las Palmas de Gran Canaria\",\"publisher\":{\"@id\":\"https:\\\/\\\/www.schola.ulpgc.es\\\/#organization\"},\"potentialAction\":[{\"@type\":\"SearchAction\",\"target\":{\"@type\":\"EntryPoint\",\"urlTemplate\":\"https:\\\/\\\/www.schola.ulpgc.es\\\/?s={search_term_string}\"},\"query-input\":{\"@type\":\"PropertyValueSpecification\",\"valueRequired\":true,\"valueName\":\"search_term_string\"}}],\"inLanguage\":\"es\"},{\"@type\":\"Organization\",\"@id\":\"https:\\\/\\\/www.schola.ulpgc.es\\\/#organization\",\"name\":\"Schola Cantorum de la ULPGC\",\"url\":\"https:\\\/\\\/www.schola.ulpgc.es\\\/\",\"logo\":{\"@type\":\"ImageObject\",\"inLanguage\":\"es\",\"@id\":\"https:\\\/\\\/www.schola.ulpgc.es\\\/#\\\/schema\\\/logo\\\/image\\\/\",\"url\":\"https:\\\/\\\/www.schola.ulpgc.es\\\/wp-content\\\/uploads\\\/2021\\\/08\\\/logosimbolo3-e1630400953957.png\",\"contentUrl\":\"https:\\\/\\\/www.schola.ulpgc.es\\\/wp-content\\\/uploads\\\/2021\\\/08\\\/logosimbolo3-e1630400953957.png\",\"width\":300,\"height\":110,\"caption\":\"Schola Cantorum de la ULPGC\"},\"image\":{\"@id\":\"https:\\\/\\\/www.schola.ulpgc.es\\\/#\\\/schema\\\/logo\\\/image\\\/\"}}]}<\/script>\n<!-- \/ Yoast SEO plugin. -->","yoast_head_json":{"title":"FUNERAL SANTA ISABEL DE HUNGR\u00cdA - Schola Cantorum ULPGC","robots":{"index":"index","follow":"follow","max-snippet":"max-snippet:-1","max-image-preview":"max-image-preview:large","max-video-preview":"max-video-preview:-1"},"canonical":"https:\/\/www.schola.ulpgc.es\/index.php\/funeral-santa-isabel-de-hungria\/","og_locale":"es_ES","og_type":"article","og_title":"FUNERAL SANTA ISABEL DE HUNGR\u00cdA - Schola Cantorum ULPGC","og_description":"FUNERAL SANTA ISABEL DE HUNGR\u00cdA PROGRAMA","og_url":"https:\/\/www.schola.ulpgc.es\/index.php\/funeral-santa-isabel-de-hungria\/","og_site_name":"Schola Cantorum ULPGC","article_modified_time":"2023-08-03T11:20:00+00:00","twitter_card":"summary_large_image","schema":{"@context":"https:\/\/schema.org","@graph":[{"@type":"WebPage","@id":"https:\/\/www.schola.ulpgc.es\/index.php\/funeral-santa-isabel-de-hungria\/","url":"https:\/\/www.schola.ulpgc.es\/index.php\/funeral-santa-isabel-de-hungria\/","name":"FUNERAL SANTA ISABEL DE HUNGR\u00cdA - Schola Cantorum ULPGC","isPartOf":{"@id":"https:\/\/www.schola.ulpgc.es\/#website"},"datePublished":"2023-08-02T18:42:59+00:00","dateModified":"2023-08-03T11:20:00+00:00","breadcrumb":{"@id":"https:\/\/www.schola.ulpgc.es\/index.php\/funeral-santa-isabel-de-hungria\/#breadcrumb"},"inLanguage":"es","potentialAction":[{"@type":"ReadAction","target":["https:\/\/www.schola.ulpgc.es\/index.php\/funeral-santa-isabel-de-hungria\/"]}]},{"@type":"BreadcrumbList","@id":"https:\/\/www.schola.ulpgc.es\/index.php\/funeral-santa-isabel-de-hungria\/#breadcrumb","itemListElement":[{"@type":"ListItem","position":1,"name":"Portada","item":"https:\/\/www.schola.ulpgc.es\/"},{"@type":"ListItem","position":2,"name":"FUNERAL SANTA ISABEL DE HUNGR\u00cdA"}]},{"@type":"WebSite","@id":"https:\/\/www.schola.ulpgc.es\/#website","url":"https:\/\/www.schola.ulpgc.es\/","name":"Schola Cantorum","description":"Aqu\u00ed encontrar\u00e1s toda la informaci\u00f3n del coro Schola Cantorum de la Universidad de las Palmas de Gran Canaria","publisher":{"@id":"https:\/\/www.schola.ulpgc.es\/#organization"},"potentialAction":[{"@type":"SearchAction","target":{"@type":"EntryPoint","urlTemplate":"https:\/\/www.schola.ulpgc.es\/?s={search_term_string}"},"query-input":{"@type":"PropertyValueSpecification","valueRequired":true,"valueName":"search_term_string"}}],"inLanguage":"es"},{"@type":"Organization","@id":"https:\/\/www.schola.ulpgc.es\/#organization","name":"Schola Cantorum de la ULPGC","url":"https:\/\/www.schola.ulpgc.es\/","logo":{"@type":"ImageObject","inLanguage":"es","@id":"https:\/\/www.schola.ulpgc.es\/#\/schema\/logo\/image\/","url":"https:\/\/www.schola.ulpgc.es\/wp-content\/uploads\/2021\/08\/logosimbolo3-e1630400953957.png","contentUrl":"https:\/\/www.schola.ulpgc.es\/wp-content\/uploads\/2021\/08\/logosimbolo3-e1630400953957.png","width":300,"height":110,"caption":"Schola Cantorum de la ULPGC"},"image":{"@id":"https:\/\/www.schola.ulpgc.es\/#\/schema\/logo\/image\/"}}]}},"uagb_featured_image_src":{"full":false,"thumbnail":false,"medium":false,"medium_large":false,"large":false,"1536x1536":false,"2048x2048":false},"uagb_author_info":{"display_name":"admin","author_link":"https:\/\/www.schola.ulpgc.es\/index.php\/author\/si_web_oj2re4t2\/"},"uagb_comment_info":0,"uagb_excerpt":"FUNERAL SANTA ISABEL DE HUNGR\u00cdA PROGRAMA","_links":{"self":[{"href":"https:\/\/www.schola.ulpgc.es\/index.php\/wp-json\/wp\/v2\/pages\/1589","targetHints":{"allow":["GET"]}}],"collection":[{"href":"https:\/\/www.schola.ulpgc.es\/index.php\/wp-json\/wp\/v2\/pages"}],"about":[{"href":"https:\/\/www.schola.ulpgc.es\/index.php\/wp-json\/wp\/v2\/types\/page"}],"author":[{"embeddable":true,"href":"https:\/\/www.schola.ulpgc.es\/index.php\/wp-json\/wp\/v2\/users\/1"}],"replies":[{"embeddable":true,"href":"https:\/\/www.schola.ulpgc.es\/index.php\/wp-json\/wp\/v2\/comments?post=1589"}],"version-history":[{"count":1,"href":"https:\/\/www.schola.ulpgc.es\/index.php\/wp-json\/wp\/v2\/pages\/1589\/revisions"}],"predecessor-version":[{"id":1590,"href":"https:\/\/www.schola.ulpgc.es\/index.php\/wp-json\/wp\/v2\/pages\/1589\/revisions\/1590"}],"wp:attachment":[{"href":"https:\/\/www.schola.ulpgc.es\/index.php\/wp-json\/wp\/v2\/media?parent=1589"}],"curies":[{"name":"wp","href":"https:\/\/api.w.org\/{rel}","templated":true}]}}