{"id":1487,"date":"2023-07-30T16:12:40","date_gmt":"2023-07-30T16:12:40","guid":{"rendered":"https:\/\/www.schola.ulpgc.es\/?page_id=1487"},"modified":"2023-08-03T14:18:54","modified_gmt":"2023-08-03T14:18:54","slug":"concierto-encuentro-coral-chelys-odalys","status":"publish","type":"page","link":"https:\/\/www.schola.ulpgc.es\/index.php\/concierto-encuentro-coral-chelys-odalys\/","title":{"rendered":"Concierto  Encuentro Coral Chelys Odalys"},"content":{"rendered":"\n<h3 class=\"wp-block-heading has-text-align-center\">Concierto en el XV Encuentro Coral Chelys Odalys<\/h3>\n\n\n\n<h3 class=\"wp-block-heading has-text-align-center\">PROGRAMA<\/h3>\n\n\n\n<div class=\"wp-block-columns is-layout-flex wp-container-core-columns-is-layout-28f84493 wp-block-columns-is-layout-flex\">\n<div class=\"wp-block-column is-layout-flow wp-block-column-is-layout-flow\">\n<div class=\"wp-block-columns is-layout-flex wp-container-core-columns-is-layout-28f84493 wp-block-columns-is-layout-flex\">\n<div class=\"wp-block-column is-layout-flow wp-block-column-is-layout-flow\"><\/div>\n\n\n\n<div class=\"wp-block-column is-layout-flow wp-block-column-is-layout-flow\">\n<ul class=\"wp-block-list\">\n<li>Deep river ( Horvath Adam)<\/li>\n\n\n\n<li>Esta tierra (Pino\/ Busto)<\/li>\n\n\n\n<li>Si la nieve resbala( De la obra Cantos Asturianos) Arm: Julio Dom\u00ednguez<\/li>\n\n\n\n<li>No me cierres los ojos.(Josu Elberdin)<\/li>\n\n\n\n<li>Zorongo (Francisco Vila)<\/li>\n\n\n\n<li>El Sorondongo&nbsp;&nbsp;&nbsp; (popular canario) Arm: Falc\u00f3n Sanabria.<\/li>\n\n\n\n<li>Canto com\u00fan:&nbsp; Canticorum J\u00fabilo (Haendel)<\/li>\n<\/ul>\n<\/div>\n\n\n\n<div class=\"wp-block-column is-layout-flow wp-block-column-is-layout-flow\"><\/div>\n<\/div>\n<\/div>\n<\/div>\n","protected":false},"excerpt":{"rendered":"<p>Concierto en el XV Encuentro Coral Chelys Odalys PROGRAMA<\/p>\n","protected":false},"author":1,"featured_media":0,"parent":0,"menu_order":0,"comment_status":"closed","ping_status":"closed","template":"","meta":{"_uag_custom_page_level_css":"","site-sidebar-layout":"default","site-content-layout":"","ast-site-content-layout":"default","site-content-style":"default","site-sidebar-style":"default","ast-global-header-display":"","ast-banner-title-visibility":"","ast-main-header-display":"","ast-hfb-above-header-display":"","ast-hfb-below-header-display":"","ast-hfb-mobile-header-display":"","site-post-title":"disabled","ast-breadcrumbs-content":"","ast-featured-img":"","footer-sml-layout":"","ast-disable-related-posts":"","theme-transparent-header-meta":"","adv-header-id-meta":"","stick-header-meta":"","header-above-stick-meta":"","header-main-stick-meta":"","header-below-stick-meta":"","astra-migrate-meta-layouts":"default","ast-page-background-enabled":"default","ast-page-background-meta":{"desktop":{"background-color":"","background-image":"","background-repeat":"repeat","background-position":"center center","background-size":"auto","background-attachment":"scroll","background-type":"","background-media":"","overlay-type":"","overlay-color":"","overlay-opacity":"","overlay-gradient":""},"tablet":{"background-color":"","background-image":"","background-repeat":"repeat","background-position":"center center","background-size":"auto","background-attachment":"scroll","background-type":"","background-media":"","overlay-type":"","overlay-color":"","overlay-opacity":"","overlay-gradient":""},"mobile":{"background-color":"","background-image":"","background-repeat":"repeat","background-position":"center center","background-size":"auto","background-attachment":"scroll","background-type":"","background-media":"","overlay-type":"","overlay-color":"","overlay-opacity":"","overlay-gradient":""}},"ast-content-background-meta":{"desktop":{"background-color":"var(--ast-global-color-5)","background-image":"","background-repeat":"repeat","background-position":"center center","background-size":"auto","background-attachment":"scroll","background-type":"","background-media":"","overlay-type":"","overlay-color":"","overlay-opacity":"","overlay-gradient":""},"tablet":{"background-color":"var(--ast-global-color-5)","background-image":"","background-repeat":"repeat","background-position":"center center","background-size":"auto","background-attachment":"scroll","background-type":"","background-media":"","overlay-type":"","overlay-color":"","overlay-opacity":"","overlay-gradient":""},"mobile":{"background-color":"var(--ast-global-color-5)","background-image":"","background-repeat":"repeat","background-position":"center center","background-size":"auto","background-attachment":"scroll","background-type":"","background-media":"","overlay-type":"","overlay-color":"","overlay-opacity":"","overlay-gradient":""}},"_mc_calendar":[],"footnotes":""},"class_list":["post-1487","page","type-page","status-publish","hentry"],"yoast_head":"<!-- This site is optimized with the Yoast SEO plugin v27.3 - https:\/\/yoast.com\/product\/yoast-seo-wordpress\/ -->\n<title>Concierto Encuentro Coral Chelys Odalys - Schola Cantorum ULPGC<\/title>\n<meta name=\"robots\" content=\"index, follow, max-snippet:-1, max-image-preview:large, max-video-preview:-1\" \/>\n<link rel=\"canonical\" href=\"https:\/\/www.schola.ulpgc.es\/index.php\/concierto-encuentro-coral-chelys-odalys\/\" \/>\n<meta property=\"og:locale\" content=\"es_ES\" \/>\n<meta property=\"og:type\" content=\"article\" \/>\n<meta property=\"og:title\" content=\"Concierto Encuentro Coral Chelys Odalys - Schola Cantorum ULPGC\" \/>\n<meta property=\"og:description\" content=\"Concierto en el XV Encuentro Coral Chelys Odalys PROGRAMA\" \/>\n<meta property=\"og:url\" content=\"https:\/\/www.schola.ulpgc.es\/index.php\/concierto-encuentro-coral-chelys-odalys\/\" \/>\n<meta property=\"og:site_name\" content=\"Schola Cantorum ULPGC\" \/>\n<meta property=\"article:modified_time\" content=\"2023-08-03T14:18:54+00:00\" \/>\n<meta name=\"twitter:card\" content=\"summary_large_image\" \/>\n<script type=\"application\/ld+json\" class=\"yoast-schema-graph\">{\"@context\":\"https:\\\/\\\/schema.org\",\"@graph\":[{\"@type\":\"WebPage\",\"@id\":\"https:\\\/\\\/www.schola.ulpgc.es\\\/index.php\\\/concierto-encuentro-coral-chelys-odalys\\\/\",\"url\":\"https:\\\/\\\/www.schola.ulpgc.es\\\/index.php\\\/concierto-encuentro-coral-chelys-odalys\\\/\",\"name\":\"Concierto Encuentro Coral Chelys Odalys - Schola Cantorum ULPGC\",\"isPartOf\":{\"@id\":\"https:\\\/\\\/www.schola.ulpgc.es\\\/#website\"},\"datePublished\":\"2023-07-30T16:12:40+00:00\",\"dateModified\":\"2023-08-03T14:18:54+00:00\",\"breadcrumb\":{\"@id\":\"https:\\\/\\\/www.schola.ulpgc.es\\\/index.php\\\/concierto-encuentro-coral-chelys-odalys\\\/#breadcrumb\"},\"inLanguage\":\"es\",\"potentialAction\":[{\"@type\":\"ReadAction\",\"target\":[\"https:\\\/\\\/www.schola.ulpgc.es\\\/index.php\\\/concierto-encuentro-coral-chelys-odalys\\\/\"]}]},{\"@type\":\"BreadcrumbList\",\"@id\":\"https:\\\/\\\/www.schola.ulpgc.es\\\/index.php\\\/concierto-encuentro-coral-chelys-odalys\\\/#breadcrumb\",\"itemListElement\":[{\"@type\":\"ListItem\",\"position\":1,\"name\":\"Portada\",\"item\":\"https:\\\/\\\/www.schola.ulpgc.es\\\/\"},{\"@type\":\"ListItem\",\"position\":2,\"name\":\"Concierto Encuentro Coral Chelys Odalys\"}]},{\"@type\":\"WebSite\",\"@id\":\"https:\\\/\\\/www.schola.ulpgc.es\\\/#website\",\"url\":\"https:\\\/\\\/www.schola.ulpgc.es\\\/\",\"name\":\"Schola Cantorum\",\"description\":\"Aqu\u00ed encontrar\u00e1s toda la informaci\u00f3n del coro Schola Cantorum de la Universidad de las Palmas de Gran Canaria\",\"publisher\":{\"@id\":\"https:\\\/\\\/www.schola.ulpgc.es\\\/#organization\"},\"potentialAction\":[{\"@type\":\"SearchAction\",\"target\":{\"@type\":\"EntryPoint\",\"urlTemplate\":\"https:\\\/\\\/www.schola.ulpgc.es\\\/?s={search_term_string}\"},\"query-input\":{\"@type\":\"PropertyValueSpecification\",\"valueRequired\":true,\"valueName\":\"search_term_string\"}}],\"inLanguage\":\"es\"},{\"@type\":\"Organization\",\"@id\":\"https:\\\/\\\/www.schola.ulpgc.es\\\/#organization\",\"name\":\"Schola Cantorum de la ULPGC\",\"url\":\"https:\\\/\\\/www.schola.ulpgc.es\\\/\",\"logo\":{\"@type\":\"ImageObject\",\"inLanguage\":\"es\",\"@id\":\"https:\\\/\\\/www.schola.ulpgc.es\\\/#\\\/schema\\\/logo\\\/image\\\/\",\"url\":\"https:\\\/\\\/www.schola.ulpgc.es\\\/wp-content\\\/uploads\\\/2021\\\/08\\\/logosimbolo3-e1630400953957.png\",\"contentUrl\":\"https:\\\/\\\/www.schola.ulpgc.es\\\/wp-content\\\/uploads\\\/2021\\\/08\\\/logosimbolo3-e1630400953957.png\",\"width\":300,\"height\":110,\"caption\":\"Schola Cantorum de la ULPGC\"},\"image\":{\"@id\":\"https:\\\/\\\/www.schola.ulpgc.es\\\/#\\\/schema\\\/logo\\\/image\\\/\"}}]}<\/script>\n<!-- \/ Yoast SEO plugin. -->","yoast_head_json":{"title":"Concierto Encuentro Coral Chelys Odalys - Schola Cantorum ULPGC","robots":{"index":"index","follow":"follow","max-snippet":"max-snippet:-1","max-image-preview":"max-image-preview:large","max-video-preview":"max-video-preview:-1"},"canonical":"https:\/\/www.schola.ulpgc.es\/index.php\/concierto-encuentro-coral-chelys-odalys\/","og_locale":"es_ES","og_type":"article","og_title":"Concierto Encuentro Coral Chelys Odalys - Schola Cantorum ULPGC","og_description":"Concierto en el XV Encuentro Coral Chelys Odalys PROGRAMA","og_url":"https:\/\/www.schola.ulpgc.es\/index.php\/concierto-encuentro-coral-chelys-odalys\/","og_site_name":"Schola Cantorum ULPGC","article_modified_time":"2023-08-03T14:18:54+00:00","twitter_card":"summary_large_image","schema":{"@context":"https:\/\/schema.org","@graph":[{"@type":"WebPage","@id":"https:\/\/www.schola.ulpgc.es\/index.php\/concierto-encuentro-coral-chelys-odalys\/","url":"https:\/\/www.schola.ulpgc.es\/index.php\/concierto-encuentro-coral-chelys-odalys\/","name":"Concierto Encuentro Coral Chelys Odalys - Schola Cantorum ULPGC","isPartOf":{"@id":"https:\/\/www.schola.ulpgc.es\/#website"},"datePublished":"2023-07-30T16:12:40+00:00","dateModified":"2023-08-03T14:18:54+00:00","breadcrumb":{"@id":"https:\/\/www.schola.ulpgc.es\/index.php\/concierto-encuentro-coral-chelys-odalys\/#breadcrumb"},"inLanguage":"es","potentialAction":[{"@type":"ReadAction","target":["https:\/\/www.schola.ulpgc.es\/index.php\/concierto-encuentro-coral-chelys-odalys\/"]}]},{"@type":"BreadcrumbList","@id":"https:\/\/www.schola.ulpgc.es\/index.php\/concierto-encuentro-coral-chelys-odalys\/#breadcrumb","itemListElement":[{"@type":"ListItem","position":1,"name":"Portada","item":"https:\/\/www.schola.ulpgc.es\/"},{"@type":"ListItem","position":2,"name":"Concierto Encuentro Coral Chelys Odalys"}]},{"@type":"WebSite","@id":"https:\/\/www.schola.ulpgc.es\/#website","url":"https:\/\/www.schola.ulpgc.es\/","name":"Schola Cantorum","description":"Aqu\u00ed encontrar\u00e1s toda la informaci\u00f3n del coro Schola Cantorum de la Universidad de las Palmas de Gran Canaria","publisher":{"@id":"https:\/\/www.schola.ulpgc.es\/#organization"},"potentialAction":[{"@type":"SearchAction","target":{"@type":"EntryPoint","urlTemplate":"https:\/\/www.schola.ulpgc.es\/?s={search_term_string}"},"query-input":{"@type":"PropertyValueSpecification","valueRequired":true,"valueName":"search_term_string"}}],"inLanguage":"es"},{"@type":"Organization","@id":"https:\/\/www.schola.ulpgc.es\/#organization","name":"Schola Cantorum de la ULPGC","url":"https:\/\/www.schola.ulpgc.es\/","logo":{"@type":"ImageObject","inLanguage":"es","@id":"https:\/\/www.schola.ulpgc.es\/#\/schema\/logo\/image\/","url":"https:\/\/www.schola.ulpgc.es\/wp-content\/uploads\/2021\/08\/logosimbolo3-e1630400953957.png","contentUrl":"https:\/\/www.schola.ulpgc.es\/wp-content\/uploads\/2021\/08\/logosimbolo3-e1630400953957.png","width":300,"height":110,"caption":"Schola Cantorum de la ULPGC"},"image":{"@id":"https:\/\/www.schola.ulpgc.es\/#\/schema\/logo\/image\/"}}]}},"uagb_featured_image_src":{"full":false,"thumbnail":false,"medium":false,"medium_large":false,"large":false,"1536x1536":false,"2048x2048":false},"uagb_author_info":{"display_name":"admin","author_link":"https:\/\/www.schola.ulpgc.es\/index.php\/author\/si_web_oj2re4t2\/"},"uagb_comment_info":0,"uagb_excerpt":"Concierto en el XV Encuentro Coral Chelys Odalys PROGRAMA","_links":{"self":[{"href":"https:\/\/www.schola.ulpgc.es\/index.php\/wp-json\/wp\/v2\/pages\/1487","targetHints":{"allow":["GET"]}}],"collection":[{"href":"https:\/\/www.schola.ulpgc.es\/index.php\/wp-json\/wp\/v2\/pages"}],"about":[{"href":"https:\/\/www.schola.ulpgc.es\/index.php\/wp-json\/wp\/v2\/types\/page"}],"author":[{"embeddable":true,"href":"https:\/\/www.schola.ulpgc.es\/index.php\/wp-json\/wp\/v2\/users\/1"}],"replies":[{"embeddable":true,"href":"https:\/\/www.schola.ulpgc.es\/index.php\/wp-json\/wp\/v2\/comments?post=1487"}],"version-history":[{"count":8,"href":"https:\/\/www.schola.ulpgc.es\/index.php\/wp-json\/wp\/v2\/pages\/1487\/revisions"}],"predecessor-version":[{"id":1612,"href":"https:\/\/www.schola.ulpgc.es\/index.php\/wp-json\/wp\/v2\/pages\/1487\/revisions\/1612"}],"wp:attachment":[{"href":"https:\/\/www.schola.ulpgc.es\/index.php\/wp-json\/wp\/v2\/media?parent=1487"}],"curies":[{"name":"wp","href":"https:\/\/api.w.org\/{rel}","templated":true}]}}