{"id":1317,"date":"2023-07-23T18:50:48","date_gmt":"2023-07-23T18:50:48","guid":{"rendered":"https:\/\/www.schola.ulpgc.es\/?page_id=1317"},"modified":"2026-01-15T14:39:32","modified_gmt":"2026-01-15T14:39:32","slug":"organizacion","status":"publish","type":"page","link":"https:\/\/www.schola.ulpgc.es\/index.php\/organizacion\/","title":{"rendered":"Organizaci\u00f3n"},"content":{"rendered":"\n<div class=\"wp-block-columns is-layout-flex wp-container-core-columns-is-layout-28f84493 wp-block-columns-is-layout-flex\">\n<div class=\"wp-block-column is-layout-constrained wp-block-column-is-layout-constrained\">\n<h2 class=\"wp-block-heading alignfull has-text-align-center\"><strong>ORGANIZACI\u00d3N<\/strong><\/h2>\n\n\n\n<h3 class=\"wp-block-heading has-text-align-center\" style=\"margin-right:var(--wp--preset--spacing--80);padding-top:0;padding-right:var(--wp--preset--spacing--80);padding-bottom:0;padding-left:0\">&nbsp;&nbsp;&nbsp;&nbsp;&nbsp;&nbsp;&nbsp;&nbsp;&nbsp;&nbsp;&nbsp;&nbsp;&nbsp;DIRECTOR MUSICAL: <a href=\"https:\/\/www.schola.ulpgc.es\/index.php\/curriculum-stefano-degano\/\">Stefano Degano<\/a><\/h3>\n\n\n\n<div class=\"wp-block-uagb-separator uagb-block-c28e92d3\"><div class=\"wp-block-uagb-separator__inner\" style=\"--my-background-image:\"><\/div><\/div>\n\n\n\n<h3 class=\"wp-block-heading has-text-align-center\">JUNTA DIRECTIVA<\/h3>\n\n\n\n<div class=\"wp-block-columns is-layout-flex wp-container-core-columns-is-layout-28f84493 wp-block-columns-is-layout-flex\">\n<div class=\"wp-block-column is-layout-constrained wp-block-column-is-layout-constrained\">\n<figure class=\"wp-block-table is-style-regular\"><table class=\"has-fixed-layout\" style=\"border-style:none;border-width:0px\"><tbody><tr><td class=\"has-text-align-right\" data-align=\"right\"><strong> Presidenta:<\/strong><\/td><td><strong>M. Carmen Cabrera Santana<\/strong><\/td><\/tr><tr><td class=\"has-text-align-right\" data-align=\"right\"><strong>Vicepresidenta: <\/strong><\/td><td> <strong>Sara Ortega Leonardo<\/strong><\/td><\/tr><tr><td class=\"has-text-align-right\" data-align=\"right\"><strong>Secretaria:<\/strong><\/td><td><strong>Sonia Marrero C\u00e1ceres<\/strong><\/td><\/tr><tr><td class=\"has-text-align-right\" data-align=\"right\"><strong>Tesorera:<\/strong><\/td><td><strong>Mireya Valer\u00f3n Chacopino<\/strong><\/td><\/tr><tr><td class=\"has-text-align-right\" data-align=\"right\"><strong> Vocales:&nbsp;<\/strong><\/td><td><strong>Estrella Cabrera Rodr\u00edguez<\/strong><\/td><\/tr><tr><td class=\"has-text-align-right\" data-align=\"right\"><\/td><td><strong>Yasmina Meli\u00e1n Afonso<\/strong><br><br><strong>Carolina F. Garriga Mateo<\/strong><\/td><\/tr><tr><td class=\"has-text-align-right\" data-align=\"right\"><\/td><td><\/td><\/tr><tr><td class=\"has-text-align-right\" data-align=\"right\"><\/td><td><\/td><\/tr><\/tbody><\/table><\/figure>\n\n\n\n<div class=\"wp-block-uagb-separator uagb-block-468024ba\"><div class=\"wp-block-uagb-separator__inner\" style=\"--my-background-image:\"><\/div><\/div>\n\n\n\n<figure style=\"margin-top:0;margin-right:0;margin-bottom:0;margin-left:0;padding-top:0;padding-right:0;padding-bottom:0;padding-left:0\" class=\"wp-block-table\"><table style=\"border-style:none;border-width:0px\"><tbody><tr><td><\/td><td class=\"has-text-align-right\" data-align=\"right\">CUERDA DE SOPRANOS:<\/td><td><strong>10&nbsp; COMPONENTES<\/strong><\/td><td><\/td><\/tr><tr><td><\/td><td class=\"has-text-align-right\" data-align=\"right\">CUERDA DE CONTRALTOS:<strong> <\/strong><\/td><td><strong>9 COMPONENTES<\/strong><\/td><td><\/td><\/tr><tr><td><\/td><td class=\"has-text-align-right\" data-align=\"right\">CUERDA DE TENORES:<\/td><td><strong>4 COMPONENTES<\/strong><\/td><td><\/td><\/tr><tr><td><\/td><td class=\"has-text-align-right\" data-align=\"right\">CUERDA DE BAJOS:<\/td><td><strong>6&nbsp; COMPONENTES<\/strong><\/td><td><\/td><\/tr><\/tbody><\/table><\/figure>\n<\/div>\n<\/div>\n\n\n\n<div class=\"wp-block-uagb-separator uagb-block-98c9295a\"><div class=\"wp-block-uagb-separator__inner\" style=\"--my-background-image:\"><\/div><\/div>\n\n\n\n<h4 class=\"wp-block-heading has-text-align-center\">JEFES\/AS DE CUERDA<\/h4>\n\n\n\n<figure style=\"margin-top:0;margin-right:0;margin-bottom:0;margin-left:0;padding-top:0;padding-right:0;padding-bottom:0;padding-left:0\" class=\"wp-block-table\"><table style=\"border-style:none;border-width:0px\"><tbody><tr><td><\/td><td class=\"has-text-align-right\" data-align=\"right\">                                             <strong>SOPRANOS:<\/strong><\/td><td><strong>Cristina Valeria Santana Fleitas <\/strong><\/td><td><\/td><\/tr><tr><td><\/td><td class=\"has-text-align-right\" data-align=\"right\"><strong>BAJOS: <\/strong><\/td><td><strong>Javier Art\u00edles <strong>Albelda<\/strong><\/strong><\/td><td><\/td><\/tr><tr><td><\/td><td class=\"has-text-align-right\" data-align=\"right\"><strong>TENORES:<\/strong><\/td><td><strong>Pedro Dom\u00ednguez Medina <\/strong><\/td><td><\/td><\/tr><tr><td><\/td><td class=\"has-text-align-right\" data-align=\"right\"><strong>CONTRALTOS<\/strong>:<\/td><td><strong>Sara Ortega Leonardo<\/strong><\/td><td><\/td><\/tr><\/tbody><\/table><\/figure>\n\n\n\n<div class=\"wp-block-uagb-separator uagb-block-86c8d974\"><div class=\"wp-block-uagb-separator__inner\" style=\"--my-background-image:\"><\/div><\/div>\n<\/div>\n<\/div>\n","protected":false},"excerpt":{"rendered":"<p>ORGANIZACI\u00d3N &nbsp;&nbsp;&nbsp;&nbsp;&nbsp;&nbsp;&nbsp;&nbsp;&nbsp;&nbsp;&nbsp;&nbsp;&nbsp;DIRECTOR MUSICAL: Stefano Degano JUNTA DIRECTIVA Presidenta: M. Carmen Cabrera Santana Vicepresidenta: Sara Ortega Leonardo Secretaria: Sonia Marrero C\u00e1ceres Tesorera: Mireya Valer\u00f3n Chacopino Vocales:&nbsp; Estrella Cabrera Rodr\u00edguez Yasmina Meli\u00e1n Afonso Carolina F. Garriga Mateo CUERDA DE SOPRANOS: 10&nbsp; COMPONENTES CUERDA DE CONTRALTOS: 9 COMPONENTES CUERDA DE TENORES: 4 COMPONENTES CUERDA DE BAJOS: 6&nbsp; COMPONENTES [&hellip;]<\/p>\n","protected":false},"author":1,"featured_media":0,"parent":0,"menu_order":0,"comment_status":"closed","ping_status":"closed","template":"","meta":{"_uag_custom_page_level_css":"","site-sidebar-layout":"default","site-content-layout":"","ast-site-content-layout":"default","site-content-style":"default","site-sidebar-style":"default","ast-global-header-display":"","ast-banner-title-visibility":"","ast-main-header-display":"","ast-hfb-above-header-display":"","ast-hfb-below-header-display":"","ast-hfb-mobile-header-display":"","site-post-title":"disabled","ast-breadcrumbs-content":"","ast-featured-img":"","footer-sml-layout":"","ast-disable-related-posts":"","theme-transparent-header-meta":"","adv-header-id-meta":"","stick-header-meta":"","header-above-stick-meta":"","header-main-stick-meta":"","header-below-stick-meta":"","astra-migrate-meta-layouts":"set","ast-page-background-enabled":"default","ast-page-background-meta":{"desktop":{"background-color":"","background-image":"","background-repeat":"repeat","background-position":"center center","background-size":"auto","background-attachment":"scroll","background-type":"","background-media":"","overlay-type":"","overlay-color":"","overlay-opacity":"","overlay-gradient":""},"tablet":{"background-color":"","background-image":"","background-repeat":"repeat","background-position":"center center","background-size":"auto","background-attachment":"scroll","background-type":"","background-media":"","overlay-type":"","overlay-color":"","overlay-opacity":"","overlay-gradient":""},"mobile":{"background-color":"","background-image":"","background-repeat":"repeat","background-position":"center center","background-size":"auto","background-attachment":"scroll","background-type":"","background-media":"","overlay-type":"","overlay-color":"","overlay-opacity":"","overlay-gradient":""}},"ast-content-background-meta":{"desktop":{"background-color":"var(--ast-global-color-5)","background-image":"","background-repeat":"repeat","background-position":"center center","background-size":"auto","background-attachment":"scroll","background-type":"","background-media":"","overlay-type":"","overlay-color":"","overlay-opacity":"","overlay-gradient":""},"tablet":{"background-color":"var(--ast-global-color-5)","background-image":"","background-repeat":"repeat","background-position":"center center","background-size":"auto","background-attachment":"scroll","background-type":"","background-media":"","overlay-type":"","overlay-color":"","overlay-opacity":"","overlay-gradient":""},"mobile":{"background-color":"var(--ast-global-color-5)","background-image":"","background-repeat":"repeat","background-position":"center center","background-size":"auto","background-attachment":"scroll","background-type":"","background-media":"","overlay-type":"","overlay-color":"","overlay-opacity":"","overlay-gradient":""}},"_mc_calendar":[],"footnotes":""},"class_list":["post-1317","page","type-page","status-publish","hentry"],"yoast_head":"<!-- This site is optimized with the Yoast SEO plugin v27.5 - https:\/\/yoast.com\/product\/yoast-seo-wordpress\/ -->\n<title>Organizaci\u00f3n - Schola Cantorum ULPGC<\/title>\n<meta name=\"robots\" content=\"index, follow, max-snippet:-1, max-image-preview:large, max-video-preview:-1\" \/>\n<link rel=\"canonical\" href=\"https:\/\/www.schola.ulpgc.es\/index.php\/organizacion\/\" \/>\n<meta property=\"og:locale\" content=\"es_ES\" \/>\n<meta property=\"og:type\" content=\"article\" \/>\n<meta property=\"og:title\" content=\"Organizaci\u00f3n - Schola Cantorum ULPGC\" \/>\n<meta property=\"og:description\" content=\"ORGANIZACI\u00d3N &nbsp;&nbsp;&nbsp;&nbsp;&nbsp;&nbsp;&nbsp;&nbsp;&nbsp;&nbsp;&nbsp;&nbsp;&nbsp;DIRECTOR MUSICAL: Stefano Degano JUNTA DIRECTIVA Presidenta: M. Carmen Cabrera Santana Vicepresidenta: Sara Ortega Leonardo Secretaria: Sonia Marrero C\u00e1ceres Tesorera: Mireya Valer\u00f3n Chacopino Vocales:&nbsp; Estrella Cabrera Rodr\u00edguez Yasmina Meli\u00e1n Afonso Carolina F. Garriga Mateo CUERDA DE SOPRANOS: 10&nbsp; COMPONENTES CUERDA DE CONTRALTOS: 9 COMPONENTES CUERDA DE TENORES: 4 COMPONENTES CUERDA DE BAJOS: 6&nbsp; COMPONENTES [&hellip;]\" \/>\n<meta property=\"og:url\" content=\"https:\/\/www.schola.ulpgc.es\/index.php\/organizacion\/\" \/>\n<meta property=\"og:site_name\" content=\"Schola Cantorum ULPGC\" \/>\n<meta property=\"article:modified_time\" content=\"2026-01-15T14:39:32+00:00\" \/>\n<meta name=\"twitter:card\" content=\"summary_large_image\" \/>\n<script type=\"application\/ld+json\" class=\"yoast-schema-graph\">{\"@context\":\"https:\\\/\\\/schema.org\",\"@graph\":[{\"@type\":\"WebPage\",\"@id\":\"https:\\\/\\\/www.schola.ulpgc.es\\\/index.php\\\/organizacion\\\/\",\"url\":\"https:\\\/\\\/www.schola.ulpgc.es\\\/index.php\\\/organizacion\\\/\",\"name\":\"Organizaci\u00f3n - Schola Cantorum ULPGC\",\"isPartOf\":{\"@id\":\"https:\\\/\\\/www.schola.ulpgc.es\\\/#website\"},\"datePublished\":\"2023-07-23T18:50:48+00:00\",\"dateModified\":\"2026-01-15T14:39:32+00:00\",\"breadcrumb\":{\"@id\":\"https:\\\/\\\/www.schola.ulpgc.es\\\/index.php\\\/organizacion\\\/#breadcrumb\"},\"inLanguage\":\"es\",\"potentialAction\":[{\"@type\":\"ReadAction\",\"target\":[\"https:\\\/\\\/www.schola.ulpgc.es\\\/index.php\\\/organizacion\\\/\"]}]},{\"@type\":\"BreadcrumbList\",\"@id\":\"https:\\\/\\\/www.schola.ulpgc.es\\\/index.php\\\/organizacion\\\/#breadcrumb\",\"itemListElement\":[{\"@type\":\"ListItem\",\"position\":1,\"name\":\"Portada\",\"item\":\"https:\\\/\\\/www.schola.ulpgc.es\\\/\"},{\"@type\":\"ListItem\",\"position\":2,\"name\":\"Organizaci\u00f3n\"}]},{\"@type\":\"WebSite\",\"@id\":\"https:\\\/\\\/www.schola.ulpgc.es\\\/#website\",\"url\":\"https:\\\/\\\/www.schola.ulpgc.es\\\/\",\"name\":\"Schola Cantorum\",\"description\":\"Aqu\u00ed encontrar\u00e1s toda la informaci\u00f3n del coro Schola Cantorum de la Universidad de las Palmas de Gran Canaria\",\"publisher\":{\"@id\":\"https:\\\/\\\/www.schola.ulpgc.es\\\/#organization\"},\"potentialAction\":[{\"@type\":\"SearchAction\",\"target\":{\"@type\":\"EntryPoint\",\"urlTemplate\":\"https:\\\/\\\/www.schola.ulpgc.es\\\/?s={search_term_string}\"},\"query-input\":{\"@type\":\"PropertyValueSpecification\",\"valueRequired\":true,\"valueName\":\"search_term_string\"}}],\"inLanguage\":\"es\"},{\"@type\":\"Organization\",\"@id\":\"https:\\\/\\\/www.schola.ulpgc.es\\\/#organization\",\"name\":\"Schola Cantorum de la ULPGC\",\"url\":\"https:\\\/\\\/www.schola.ulpgc.es\\\/\",\"logo\":{\"@type\":\"ImageObject\",\"inLanguage\":\"es\",\"@id\":\"https:\\\/\\\/www.schola.ulpgc.es\\\/#\\\/schema\\\/logo\\\/image\\\/\",\"url\":\"https:\\\/\\\/www.schola.ulpgc.es\\\/wp-content\\\/uploads\\\/2021\\\/08\\\/logosimbolo3-e1630400953957.png\",\"contentUrl\":\"https:\\\/\\\/www.schola.ulpgc.es\\\/wp-content\\\/uploads\\\/2021\\\/08\\\/logosimbolo3-e1630400953957.png\",\"width\":300,\"height\":110,\"caption\":\"Schola Cantorum de la ULPGC\"},\"image\":{\"@id\":\"https:\\\/\\\/www.schola.ulpgc.es\\\/#\\\/schema\\\/logo\\\/image\\\/\"}}]}<\/script>\n<!-- \/ Yoast SEO plugin. -->","yoast_head_json":{"title":"Organizaci\u00f3n - Schola Cantorum ULPGC","robots":{"index":"index","follow":"follow","max-snippet":"max-snippet:-1","max-image-preview":"max-image-preview:large","max-video-preview":"max-video-preview:-1"},"canonical":"https:\/\/www.schola.ulpgc.es\/index.php\/organizacion\/","og_locale":"es_ES","og_type":"article","og_title":"Organizaci\u00f3n - Schola Cantorum ULPGC","og_description":"ORGANIZACI\u00d3N &nbsp;&nbsp;&nbsp;&nbsp;&nbsp;&nbsp;&nbsp;&nbsp;&nbsp;&nbsp;&nbsp;&nbsp;&nbsp;DIRECTOR MUSICAL: Stefano Degano JUNTA DIRECTIVA Presidenta: M. Carmen Cabrera Santana Vicepresidenta: Sara Ortega Leonardo Secretaria: Sonia Marrero C\u00e1ceres Tesorera: Mireya Valer\u00f3n Chacopino Vocales:&nbsp; Estrella Cabrera Rodr\u00edguez Yasmina Meli\u00e1n Afonso Carolina F. Garriga Mateo CUERDA DE SOPRANOS: 10&nbsp; COMPONENTES CUERDA DE CONTRALTOS: 9 COMPONENTES CUERDA DE TENORES: 4 COMPONENTES CUERDA DE BAJOS: 6&nbsp; COMPONENTES [&hellip;]","og_url":"https:\/\/www.schola.ulpgc.es\/index.php\/organizacion\/","og_site_name":"Schola Cantorum ULPGC","article_modified_time":"2026-01-15T14:39:32+00:00","twitter_card":"summary_large_image","schema":{"@context":"https:\/\/schema.org","@graph":[{"@type":"WebPage","@id":"https:\/\/www.schola.ulpgc.es\/index.php\/organizacion\/","url":"https:\/\/www.schola.ulpgc.es\/index.php\/organizacion\/","name":"Organizaci\u00f3n - Schola Cantorum ULPGC","isPartOf":{"@id":"https:\/\/www.schola.ulpgc.es\/#website"},"datePublished":"2023-07-23T18:50:48+00:00","dateModified":"2026-01-15T14:39:32+00:00","breadcrumb":{"@id":"https:\/\/www.schola.ulpgc.es\/index.php\/organizacion\/#breadcrumb"},"inLanguage":"es","potentialAction":[{"@type":"ReadAction","target":["https:\/\/www.schola.ulpgc.es\/index.php\/organizacion\/"]}]},{"@type":"BreadcrumbList","@id":"https:\/\/www.schola.ulpgc.es\/index.php\/organizacion\/#breadcrumb","itemListElement":[{"@type":"ListItem","position":1,"name":"Portada","item":"https:\/\/www.schola.ulpgc.es\/"},{"@type":"ListItem","position":2,"name":"Organizaci\u00f3n"}]},{"@type":"WebSite","@id":"https:\/\/www.schola.ulpgc.es\/#website","url":"https:\/\/www.schola.ulpgc.es\/","name":"Schola Cantorum","description":"Aqu\u00ed encontrar\u00e1s toda la informaci\u00f3n del coro Schola Cantorum de la Universidad de las Palmas de Gran Canaria","publisher":{"@id":"https:\/\/www.schola.ulpgc.es\/#organization"},"potentialAction":[{"@type":"SearchAction","target":{"@type":"EntryPoint","urlTemplate":"https:\/\/www.schola.ulpgc.es\/?s={search_term_string}"},"query-input":{"@type":"PropertyValueSpecification","valueRequired":true,"valueName":"search_term_string"}}],"inLanguage":"es"},{"@type":"Organization","@id":"https:\/\/www.schola.ulpgc.es\/#organization","name":"Schola Cantorum de la ULPGC","url":"https:\/\/www.schola.ulpgc.es\/","logo":{"@type":"ImageObject","inLanguage":"es","@id":"https:\/\/www.schola.ulpgc.es\/#\/schema\/logo\/image\/","url":"https:\/\/www.schola.ulpgc.es\/wp-content\/uploads\/2021\/08\/logosimbolo3-e1630400953957.png","contentUrl":"https:\/\/www.schola.ulpgc.es\/wp-content\/uploads\/2021\/08\/logosimbolo3-e1630400953957.png","width":300,"height":110,"caption":"Schola Cantorum de la ULPGC"},"image":{"@id":"https:\/\/www.schola.ulpgc.es\/#\/schema\/logo\/image\/"}}]}},"uagb_featured_image_src":{"full":false,"thumbnail":false,"medium":false,"medium_large":false,"large":false,"1536x1536":false,"2048x2048":false},"uagb_author_info":{"display_name":"admin","author_link":"https:\/\/www.schola.ulpgc.es\/index.php\/author\/si_web_oj2re4t2\/"},"uagb_comment_info":0,"uagb_excerpt":"ORGANIZACI\u00d3N &nbsp;&nbsp;&nbsp;&nbsp;&nbsp;&nbsp;&nbsp;&nbsp;&nbsp;&nbsp;&nbsp;&nbsp;&nbsp;DIRECTOR MUSICAL: Stefano Degano JUNTA DIRECTIVA Presidenta: M. Carmen Cabrera Santana Vicepresidenta: Sara Ortega Leonardo Secretaria: Sonia Marrero C\u00e1ceres Tesorera: Mireya Valer\u00f3n Chacopino Vocales:&nbsp; Estrella Cabrera Rodr\u00edguez Yasmina Meli\u00e1n Afonso Carolina F. Garriga Mateo CUERDA DE SOPRANOS: 10&nbsp; COMPONENTES CUERDA DE CONTRALTOS: 9 COMPONENTES CUERDA DE TENORES: 4 COMPONENTES CUERDA DE BAJOS: 6&nbsp; COMPONENTES&hellip;","_links":{"self":[{"href":"https:\/\/www.schola.ulpgc.es\/index.php\/wp-json\/wp\/v2\/pages\/1317","targetHints":{"allow":["GET"]}}],"collection":[{"href":"https:\/\/www.schola.ulpgc.es\/index.php\/wp-json\/wp\/v2\/pages"}],"about":[{"href":"https:\/\/www.schola.ulpgc.es\/index.php\/wp-json\/wp\/v2\/types\/page"}],"author":[{"embeddable":true,"href":"https:\/\/www.schola.ulpgc.es\/index.php\/wp-json\/wp\/v2\/users\/1"}],"replies":[{"embeddable":true,"href":"https:\/\/www.schola.ulpgc.es\/index.php\/wp-json\/wp\/v2\/comments?post=1317"}],"version-history":[{"count":34,"href":"https:\/\/www.schola.ulpgc.es\/index.php\/wp-json\/wp\/v2\/pages\/1317\/revisions"}],"predecessor-version":[{"id":2225,"href":"https:\/\/www.schola.ulpgc.es\/index.php\/wp-json\/wp\/v2\/pages\/1317\/revisions\/2225"}],"wp:attachment":[{"href":"https:\/\/www.schola.ulpgc.es\/index.php\/wp-json\/wp\/v2\/media?parent=1317"}],"curies":[{"name":"wp","href":"https:\/\/api.w.org\/{rel}","templated":true}]}}