{"id":1304,"date":"2023-07-24T11:21:33","date_gmt":"2023-07-24T11:21:33","guid":{"rendered":"https:\/\/www.schola.ulpgc.es\/?page_id=1304"},"modified":"2026-04-18T17:01:48","modified_gmt":"2026-04-18T17:01:48","slug":"curriculum-stefano-degano","status":"publish","type":"page","link":"https:\/\/www.schola.ulpgc.es\/index.php\/curriculum-stefano-degano\/","title":{"rendered":"Curriculum Stefano Degano"},"content":{"rendered":"\n<div class=\"wp-block-uagb-container uagb-block-39f38c80 alignwide uagb-is-root-container\">\n<div class=\"wp-block-columns is-layout-flex wp-container-core-columns-is-layout-28f84493 wp-block-columns-is-layout-flex\">\n<div class=\"wp-block-column is-layout-flow wp-block-column-is-layout-flow\">\n<h2 class=\"wp-block-heading has-text-align-center\"><em>Curr\u00edculum del director<\/em><\/h2>\n\n\n\n<h2 class=\"wp-block-heading has-text-align-center\"><strong><em>Stefano Degano<\/em><\/strong><\/h2>\n\n\n\n<div class=\"wp-block-columns is-layout-flex wp-container-core-columns-is-layout-28f84493 wp-block-columns-is-layout-flex\">\n<div class=\"wp-block-column is-layout-flow wp-block-column-is-layout-flow\">\n<figure class=\"wp-block-image aligncenter size-full\"><img loading=\"lazy\" decoding=\"async\" width=\"799\" height=\"533\" src=\"https:\/\/www.schola.ulpgc.es\/wp-content\/uploads\/2023\/07\/Stefano-Degano.jpg\" alt=\"\" class=\"wp-image-1325\" srcset=\"https:\/\/www.schola.ulpgc.es\/wp-content\/uploads\/2023\/07\/Stefano-Degano.jpg 799w, https:\/\/www.schola.ulpgc.es\/wp-content\/uploads\/2023\/07\/Stefano-Degano-300x200.jpg 300w, https:\/\/www.schola.ulpgc.es\/wp-content\/uploads\/2023\/07\/Stefano-Degano-768x512.jpg 768w\" sizes=\"auto, (max-width: 799px) 100vw, 799px\" \/><\/figure>\n<\/div>\n<\/div>\n\n\n\n<p>Este joven director nacido en Italia en 1966 comenz\u00f3 su formaci\u00f3n musical en la Escuela Diocesana de la localidad de Udine, donde complet\u00f3 estudios de piano, solfeo, m\u00fasica lit\u00fargica y direcci\u00f3n coral. Ha recibido formaci\u00f3n en composici\u00f3n y direcci\u00f3n de orquesta y es diplomado en m\u00fasica coral y direcci\u00f3n de coros por el Conservatorio Jacopo Tomaldini.<\/p>\n\n\n\n<p>A lo largo de su trayectoria profesional ha trabajado como pianista, ha sido ense\u00f1ante en varias escuelas de m\u00fasica y, al mismo tiempo, ha colaborado en diferentes ocasiones con maestros musicales en importantes obras en Verona y Udine (Italia). Entre estas colaboraciones, sobresale especialmente la preparaci\u00f3n de la obra Carmen, de Georges Bizet en Udine entre 1995 y 1996. De su experiencia como profesor cabe destacar que imparti\u00f3 clases de direcci\u00f3n coral en la Escuela Diocesana de M\u00fasica, donde fue tambi\u00e9n profesor de vocalizaci\u00f3n coral, piano, teor\u00eda musical y solfeo.<\/p>\n\n\n\n<p>Su experiencia en la formaci\u00f3n y direcci\u00f3n coral es extensa, aunque destaca especialmente su papel como colaborador e integrante del Coro de la Filarm\u00f3nica Udinese y del Coro de Voces Blancas de Gorizia, entre 1994 y 1996. En particular, es especialmente rese\u00f1able su participaci\u00f3n en la obra Te Deum de M. A. Charpentier, que se interpret\u00f3 en diferentes ciudades de Italia y Francia entre 1996 y 1999, y que fue, adem\u00e1s, grabada por la RAI (Radio Televisi\u00f3n Italiana). &nbsp;<\/p>\n\n\n\n<p>Fue componente y director de numerosos coros en Italia entre 1989 y 1999 y, desde su llegada a Gran Canaria, ha continuado desarrollando su carrera en la ense\u00f1anza musical y la direcci\u00f3n coral, actividad en la que destaca su colaboraci\u00f3n y participaci\u00f3n en el Coro de la \u00d3pera de Gran Canaria en 2001. Actualmente es profesor de canto y coro en la Escuela Municipal de M\u00fasica de Ingenio, donde tambi\u00e9n dirige la coral infantil. Desde el a\u00f1o 2000 es director de la formaci\u00f3n coral Schola Cantorum de la Universidad de Las Palmas de Gran Canaria, que fue fundada por el maestro Juan Jos\u00e9 Falc\u00f3n Sanabria.<\/p>\n<\/div>\n<\/div>\n<\/div>\n","protected":false},"excerpt":{"rendered":"<p>Curr\u00edculum del director Stefano Degano Este joven director nacido en Italia en 1966 comenz\u00f3 su formaci\u00f3n musical en la Escuela Diocesana de la localidad de Udine, donde complet\u00f3 estudios de piano, solfeo, m\u00fasica lit\u00fargica y direcci\u00f3n coral. Ha recibido formaci\u00f3n en composici\u00f3n y direcci\u00f3n de orquesta y es diplomado en m\u00fasica coral y direcci\u00f3n de [&hellip;]<\/p>\n","protected":false},"author":1,"featured_media":0,"parent":0,"menu_order":0,"comment_status":"closed","ping_status":"closed","template":"","meta":{"_uag_custom_page_level_css":"","site-sidebar-layout":"default","site-content-layout":"","ast-site-content-layout":"default","site-content-style":"default","site-sidebar-style":"default","ast-global-header-display":"","ast-banner-title-visibility":"","ast-main-header-display":"","ast-hfb-above-header-display":"","ast-hfb-below-header-display":"","ast-hfb-mobile-header-display":"","site-post-title":"disabled","ast-breadcrumbs-content":"","ast-featured-img":"","footer-sml-layout":"","ast-disable-related-posts":"","theme-transparent-header-meta":"","adv-header-id-meta":"","stick-header-meta":"","header-above-stick-meta":"","header-main-stick-meta":"","header-below-stick-meta":"","astra-migrate-meta-layouts":"default","ast-page-background-enabled":"default","ast-page-background-meta":{"desktop":{"background-color":"","background-image":"","background-repeat":"repeat","background-position":"center center","background-size":"auto","background-attachment":"scroll","background-type":"","background-media":"","overlay-type":"","overlay-color":"","overlay-opacity":"","overlay-gradient":""},"tablet":{"background-color":"","background-image":"","background-repeat":"repeat","background-position":"center center","background-size":"auto","background-attachment":"scroll","background-type":"","background-media":"","overlay-type":"","overlay-color":"","overlay-opacity":"","overlay-gradient":""},"mobile":{"background-color":"","background-image":"","background-repeat":"repeat","background-position":"center center","background-size":"auto","background-attachment":"scroll","background-type":"","background-media":"","overlay-type":"","overlay-color":"","overlay-opacity":"","overlay-gradient":""}},"ast-content-background-meta":{"desktop":{"background-color":"var(--ast-global-color-5)","background-image":"","background-repeat":"repeat","background-position":"center center","background-size":"auto","background-attachment":"scroll","background-type":"","background-media":"","overlay-type":"","overlay-color":"","overlay-opacity":"","overlay-gradient":""},"tablet":{"background-color":"var(--ast-global-color-5)","background-image":"","background-repeat":"repeat","background-position":"center center","background-size":"auto","background-attachment":"scroll","background-type":"","background-media":"","overlay-type":"","overlay-color":"","overlay-opacity":"","overlay-gradient":""},"mobile":{"background-color":"var(--ast-global-color-5)","background-image":"","background-repeat":"repeat","background-position":"center center","background-size":"auto","background-attachment":"scroll","background-type":"","background-media":"","overlay-type":"","overlay-color":"","overlay-opacity":"","overlay-gradient":""}},"_mc_calendar":[],"footnotes":""},"class_list":["post-1304","page","type-page","status-publish","hentry"],"yoast_head":"<!-- This site is optimized with the Yoast SEO plugin v27.5 - https:\/\/yoast.com\/product\/yoast-seo-wordpress\/ -->\n<title>Curriculum Stefano Degano - Schola Cantorum ULPGC<\/title>\n<meta name=\"robots\" content=\"index, follow, max-snippet:-1, max-image-preview:large, max-video-preview:-1\" \/>\n<link rel=\"canonical\" href=\"https:\/\/www.schola.ulpgc.es\/index.php\/curriculum-stefano-degano\/\" \/>\n<meta property=\"og:locale\" content=\"es_ES\" \/>\n<meta property=\"og:type\" content=\"article\" \/>\n<meta property=\"og:title\" content=\"Curriculum Stefano Degano - Schola Cantorum ULPGC\" \/>\n<meta property=\"og:description\" content=\"Curr\u00edculum del director Stefano Degano Este joven director nacido en Italia en 1966 comenz\u00f3 su formaci\u00f3n musical en la Escuela Diocesana de la localidad de Udine, donde complet\u00f3 estudios de piano, solfeo, m\u00fasica lit\u00fargica y direcci\u00f3n coral. Ha recibido formaci\u00f3n en composici\u00f3n y direcci\u00f3n de orquesta y es diplomado en m\u00fasica coral y direcci\u00f3n de [&hellip;]\" \/>\n<meta property=\"og:url\" content=\"https:\/\/www.schola.ulpgc.es\/index.php\/curriculum-stefano-degano\/\" \/>\n<meta property=\"og:site_name\" content=\"Schola Cantorum ULPGC\" \/>\n<meta property=\"article:modified_time\" content=\"2026-04-18T17:01:48+00:00\" \/>\n<meta property=\"og:image\" content=\"https:\/\/www.schola.ulpgc.es\/wp-content\/uploads\/2023\/07\/Stefano-Degano.jpg\" \/>\n\t<meta property=\"og:image:width\" content=\"799\" \/>\n\t<meta property=\"og:image:height\" content=\"533\" \/>\n\t<meta property=\"og:image:type\" content=\"image\/jpeg\" \/>\n<meta name=\"twitter:card\" content=\"summary_large_image\" \/>\n<meta name=\"twitter:label1\" content=\"Tiempo de lectura\" \/>\n\t<meta name=\"twitter:data1\" content=\"2 minutos\" \/>\n<script type=\"application\/ld+json\" class=\"yoast-schema-graph\">{\"@context\":\"https:\\\/\\\/schema.org\",\"@graph\":[{\"@type\":\"WebPage\",\"@id\":\"https:\\\/\\\/www.schola.ulpgc.es\\\/index.php\\\/curriculum-stefano-degano\\\/\",\"url\":\"https:\\\/\\\/www.schola.ulpgc.es\\\/index.php\\\/curriculum-stefano-degano\\\/\",\"name\":\"Curriculum Stefano Degano - Schola Cantorum ULPGC\",\"isPartOf\":{\"@id\":\"https:\\\/\\\/www.schola.ulpgc.es\\\/#website\"},\"primaryImageOfPage\":{\"@id\":\"https:\\\/\\\/www.schola.ulpgc.es\\\/index.php\\\/curriculum-stefano-degano\\\/#primaryimage\"},\"image\":{\"@id\":\"https:\\\/\\\/www.schola.ulpgc.es\\\/index.php\\\/curriculum-stefano-degano\\\/#primaryimage\"},\"thumbnailUrl\":\"https:\\\/\\\/www.schola.ulpgc.es\\\/wp-content\\\/uploads\\\/2023\\\/07\\\/Stefano-Degano.jpg\",\"datePublished\":\"2023-07-24T11:21:33+00:00\",\"dateModified\":\"2026-04-18T17:01:48+00:00\",\"breadcrumb\":{\"@id\":\"https:\\\/\\\/www.schola.ulpgc.es\\\/index.php\\\/curriculum-stefano-degano\\\/#breadcrumb\"},\"inLanguage\":\"es\",\"potentialAction\":[{\"@type\":\"ReadAction\",\"target\":[\"https:\\\/\\\/www.schola.ulpgc.es\\\/index.php\\\/curriculum-stefano-degano\\\/\"]}]},{\"@type\":\"ImageObject\",\"inLanguage\":\"es\",\"@id\":\"https:\\\/\\\/www.schola.ulpgc.es\\\/index.php\\\/curriculum-stefano-degano\\\/#primaryimage\",\"url\":\"https:\\\/\\\/www.schola.ulpgc.es\\\/wp-content\\\/uploads\\\/2023\\\/07\\\/Stefano-Degano.jpg\",\"contentUrl\":\"https:\\\/\\\/www.schola.ulpgc.es\\\/wp-content\\\/uploads\\\/2023\\\/07\\\/Stefano-Degano.jpg\",\"width\":799,\"height\":533},{\"@type\":\"BreadcrumbList\",\"@id\":\"https:\\\/\\\/www.schola.ulpgc.es\\\/index.php\\\/curriculum-stefano-degano\\\/#breadcrumb\",\"itemListElement\":[{\"@type\":\"ListItem\",\"position\":1,\"name\":\"Portada\",\"item\":\"https:\\\/\\\/www.schola.ulpgc.es\\\/\"},{\"@type\":\"ListItem\",\"position\":2,\"name\":\"Curriculum Stefano Degano\"}]},{\"@type\":\"WebSite\",\"@id\":\"https:\\\/\\\/www.schola.ulpgc.es\\\/#website\",\"url\":\"https:\\\/\\\/www.schola.ulpgc.es\\\/\",\"name\":\"Schola Cantorum\",\"description\":\"Aqu\u00ed encontrar\u00e1s toda la informaci\u00f3n del coro Schola Cantorum de la Universidad de las Palmas de Gran Canaria\",\"publisher\":{\"@id\":\"https:\\\/\\\/www.schola.ulpgc.es\\\/#organization\"},\"potentialAction\":[{\"@type\":\"SearchAction\",\"target\":{\"@type\":\"EntryPoint\",\"urlTemplate\":\"https:\\\/\\\/www.schola.ulpgc.es\\\/?s={search_term_string}\"},\"query-input\":{\"@type\":\"PropertyValueSpecification\",\"valueRequired\":true,\"valueName\":\"search_term_string\"}}],\"inLanguage\":\"es\"},{\"@type\":\"Organization\",\"@id\":\"https:\\\/\\\/www.schola.ulpgc.es\\\/#organization\",\"name\":\"Schola Cantorum de la ULPGC\",\"url\":\"https:\\\/\\\/www.schola.ulpgc.es\\\/\",\"logo\":{\"@type\":\"ImageObject\",\"inLanguage\":\"es\",\"@id\":\"https:\\\/\\\/www.schola.ulpgc.es\\\/#\\\/schema\\\/logo\\\/image\\\/\",\"url\":\"https:\\\/\\\/www.schola.ulpgc.es\\\/wp-content\\\/uploads\\\/2021\\\/08\\\/logosimbolo3-e1630400953957.png\",\"contentUrl\":\"https:\\\/\\\/www.schola.ulpgc.es\\\/wp-content\\\/uploads\\\/2021\\\/08\\\/logosimbolo3-e1630400953957.png\",\"width\":300,\"height\":110,\"caption\":\"Schola Cantorum de la ULPGC\"},\"image\":{\"@id\":\"https:\\\/\\\/www.schola.ulpgc.es\\\/#\\\/schema\\\/logo\\\/image\\\/\"}}]}<\/script>\n<!-- \/ Yoast SEO plugin. -->","yoast_head_json":{"title":"Curriculum Stefano Degano - Schola Cantorum ULPGC","robots":{"index":"index","follow":"follow","max-snippet":"max-snippet:-1","max-image-preview":"max-image-preview:large","max-video-preview":"max-video-preview:-1"},"canonical":"https:\/\/www.schola.ulpgc.es\/index.php\/curriculum-stefano-degano\/","og_locale":"es_ES","og_type":"article","og_title":"Curriculum Stefano Degano - Schola Cantorum ULPGC","og_description":"Curr\u00edculum del director Stefano Degano Este joven director nacido en Italia en 1966 comenz\u00f3 su formaci\u00f3n musical en la Escuela Diocesana de la localidad de Udine, donde complet\u00f3 estudios de piano, solfeo, m\u00fasica lit\u00fargica y direcci\u00f3n coral. Ha recibido formaci\u00f3n en composici\u00f3n y direcci\u00f3n de orquesta y es diplomado en m\u00fasica coral y direcci\u00f3n de [&hellip;]","og_url":"https:\/\/www.schola.ulpgc.es\/index.php\/curriculum-stefano-degano\/","og_site_name":"Schola Cantorum ULPGC","article_modified_time":"2026-04-18T17:01:48+00:00","og_image":[{"width":799,"height":533,"url":"https:\/\/www.schola.ulpgc.es\/wp-content\/uploads\/2023\/07\/Stefano-Degano.jpg","type":"image\/jpeg"}],"twitter_card":"summary_large_image","twitter_misc":{"Tiempo de lectura":"2 minutos"},"schema":{"@context":"https:\/\/schema.org","@graph":[{"@type":"WebPage","@id":"https:\/\/www.schola.ulpgc.es\/index.php\/curriculum-stefano-degano\/","url":"https:\/\/www.schola.ulpgc.es\/index.php\/curriculum-stefano-degano\/","name":"Curriculum Stefano Degano - Schola Cantorum ULPGC","isPartOf":{"@id":"https:\/\/www.schola.ulpgc.es\/#website"},"primaryImageOfPage":{"@id":"https:\/\/www.schola.ulpgc.es\/index.php\/curriculum-stefano-degano\/#primaryimage"},"image":{"@id":"https:\/\/www.schola.ulpgc.es\/index.php\/curriculum-stefano-degano\/#primaryimage"},"thumbnailUrl":"https:\/\/www.schola.ulpgc.es\/wp-content\/uploads\/2023\/07\/Stefano-Degano.jpg","datePublished":"2023-07-24T11:21:33+00:00","dateModified":"2026-04-18T17:01:48+00:00","breadcrumb":{"@id":"https:\/\/www.schola.ulpgc.es\/index.php\/curriculum-stefano-degano\/#breadcrumb"},"inLanguage":"es","potentialAction":[{"@type":"ReadAction","target":["https:\/\/www.schola.ulpgc.es\/index.php\/curriculum-stefano-degano\/"]}]},{"@type":"ImageObject","inLanguage":"es","@id":"https:\/\/www.schola.ulpgc.es\/index.php\/curriculum-stefano-degano\/#primaryimage","url":"https:\/\/www.schola.ulpgc.es\/wp-content\/uploads\/2023\/07\/Stefano-Degano.jpg","contentUrl":"https:\/\/www.schola.ulpgc.es\/wp-content\/uploads\/2023\/07\/Stefano-Degano.jpg","width":799,"height":533},{"@type":"BreadcrumbList","@id":"https:\/\/www.schola.ulpgc.es\/index.php\/curriculum-stefano-degano\/#breadcrumb","itemListElement":[{"@type":"ListItem","position":1,"name":"Portada","item":"https:\/\/www.schola.ulpgc.es\/"},{"@type":"ListItem","position":2,"name":"Curriculum Stefano Degano"}]},{"@type":"WebSite","@id":"https:\/\/www.schola.ulpgc.es\/#website","url":"https:\/\/www.schola.ulpgc.es\/","name":"Schola Cantorum","description":"Aqu\u00ed encontrar\u00e1s toda la informaci\u00f3n del coro Schola Cantorum de la Universidad de las Palmas de Gran Canaria","publisher":{"@id":"https:\/\/www.schola.ulpgc.es\/#organization"},"potentialAction":[{"@type":"SearchAction","target":{"@type":"EntryPoint","urlTemplate":"https:\/\/www.schola.ulpgc.es\/?s={search_term_string}"},"query-input":{"@type":"PropertyValueSpecification","valueRequired":true,"valueName":"search_term_string"}}],"inLanguage":"es"},{"@type":"Organization","@id":"https:\/\/www.schola.ulpgc.es\/#organization","name":"Schola Cantorum de la ULPGC","url":"https:\/\/www.schola.ulpgc.es\/","logo":{"@type":"ImageObject","inLanguage":"es","@id":"https:\/\/www.schola.ulpgc.es\/#\/schema\/logo\/image\/","url":"https:\/\/www.schola.ulpgc.es\/wp-content\/uploads\/2021\/08\/logosimbolo3-e1630400953957.png","contentUrl":"https:\/\/www.schola.ulpgc.es\/wp-content\/uploads\/2021\/08\/logosimbolo3-e1630400953957.png","width":300,"height":110,"caption":"Schola Cantorum de la ULPGC"},"image":{"@id":"https:\/\/www.schola.ulpgc.es\/#\/schema\/logo\/image\/"}}]}},"uagb_featured_image_src":{"full":false,"thumbnail":false,"medium":false,"medium_large":false,"large":false,"1536x1536":false,"2048x2048":false},"uagb_author_info":{"display_name":"admin","author_link":"https:\/\/www.schola.ulpgc.es\/index.php\/author\/si_web_oj2re4t2\/"},"uagb_comment_info":0,"uagb_excerpt":"Curr\u00edculum del director Stefano Degano Este joven director nacido en Italia en 1966 comenz\u00f3 su formaci\u00f3n musical en la Escuela Diocesana de la localidad de Udine, donde complet\u00f3 estudios de piano, solfeo, m\u00fasica lit\u00fargica y direcci\u00f3n coral. Ha recibido formaci\u00f3n en composici\u00f3n y direcci\u00f3n de orquesta y es diplomado en m\u00fasica coral y direcci\u00f3n de&hellip;","_links":{"self":[{"href":"https:\/\/www.schola.ulpgc.es\/index.php\/wp-json\/wp\/v2\/pages\/1304","targetHints":{"allow":["GET"]}}],"collection":[{"href":"https:\/\/www.schola.ulpgc.es\/index.php\/wp-json\/wp\/v2\/pages"}],"about":[{"href":"https:\/\/www.schola.ulpgc.es\/index.php\/wp-json\/wp\/v2\/types\/page"}],"author":[{"embeddable":true,"href":"https:\/\/www.schola.ulpgc.es\/index.php\/wp-json\/wp\/v2\/users\/1"}],"replies":[{"embeddable":true,"href":"https:\/\/www.schola.ulpgc.es\/index.php\/wp-json\/wp\/v2\/comments?post=1304"}],"version-history":[{"count":14,"href":"https:\/\/www.schola.ulpgc.es\/index.php\/wp-json\/wp\/v2\/pages\/1304\/revisions"}],"predecessor-version":[{"id":1382,"href":"https:\/\/www.schola.ulpgc.es\/index.php\/wp-json\/wp\/v2\/pages\/1304\/revisions\/1382"}],"wp:attachment":[{"href":"https:\/\/www.schola.ulpgc.es\/index.php\/wp-json\/wp\/v2\/media?parent=1304"}],"curies":[{"name":"wp","href":"https:\/\/api.w.org\/{rel}","templated":true}]}}